{"id":100,"date":"2018-07-13T11:18:34","date_gmt":"2018-07-13T11:18:34","guid":{"rendered":"https:\/\/cesarlopezabogados.com\/?page_id=100"},"modified":"2019-05-31T10:53:37","modified_gmt":"2019-05-31T10:53:37","slug":"politica-de-cookies","status":"publish","type":"page","link":"https:\/\/cesarlopezabogados.com\/index.php\/politica-de-cookies\/","title":{"rendered":"Pol\u00edtica de Cookies"},"content":{"rendered":"<p>C\u00c9SAR L\u00d3PEZ ABOGADOS est\u00e1 comprometido con la protecci\u00f3n de sus datos personales. Utilizamos cookies para ofrecerle una mejor experiencia de navegaci\u00f3n. Este sitio web, <a href=\"http:\/\/www.cesarlopez.com\">www.cesarlopez.com<\/a> (en adelante, el \u201c<strong>Sitio<\/strong>\u201d) utiliza solo cookies estrictamente necesarias para mejorar la seguridad y el rendimiento del sitio. Las cookies utilizadas en este sitio web se describen a continuaci\u00f3n en la tabla.<\/p>\n<p>Las cookies son peque\u00f1as piezas de datos que se colocan en el disco duro del dispositivo del visitante. Con la ayuda de las cookies, puede almacenarse informaci\u00f3n durante un cierto per\u00edodo de tiempo e identificar el dispositivo del usuario. Para una mejor gu\u00eda para el usuario y una representaci\u00f3n individual del rendimiento, utilizamos cookies permanentes. Tambi\u00e9n utilizamos las llamadas cookies de sesi\u00f3n que se eliminan autom\u00e1ticamente una vez que cierre su navegador. Puede configurar su navegador para que le informe sobre la posible descarga de cookies, asegurando as\u00ed que el uso de las mismas sea transparente.<\/p>\n<p>Procesamos sus datos personales seg\u00fan el art. 6 (1) (f) GDPR para los fines leg\u00edtimos mencionados anteriormente.<\/p>\n<p>Con el fin de optimizar nuestros servicios, este Sitio, los mensajes enviados por correo electr\u00f3nico, los servicios online, los anuncios y las aplicaciones interactivas pueden utilizar \u201ccookies\u201d. A continuaci\u00f3n, encontrar\u00e1 informaci\u00f3n sobre qu\u00e9 son las \u201ccookies\u201d, qu\u00e9 tipo de cookies utiliza este portal, c\u00f3mo puede desactivar las cookies en su navegador y c\u00f3mo bloquear o desactivar espec\u00edficamente la instalaci\u00f3n de cookies de terceros.<\/p>\n<p><strong>\u00bfQU\u00c9 SON LAS COOKIES?<\/strong><\/p>\n<p>Una cookie es un archivo de texto muy peque\u00f1o enviado por el servidor de nuestra web al archivo de cookies de su navegador en su disco duro. Ello permite a nuestra web recordar su presencia al establecerse una nueva conexi\u00f3n entre nuestro servidor y su navegador.<\/p>\n<p>El principal prop\u00f3sito de una cookie es permitir a nuestro servidor presentar p\u00e1ginas web personalizadas que puedan convertir la visita a la web de C\u00c9SAR L\u00d3PEZ ABOGADOS en una experiencia individual y ajustada a las preferencias personales.<\/p>\n<p>Las cookies se pueden instalar en su ordenador, Smartphone, tableta o televisi\u00f3n conectada.<\/p>\n<p><strong>ACEPTACI\u00d3N DE LA POL\u00cdTICA DE COOKIES<\/strong><\/p>\n<p>Esta web asume que usted acepta el uso de cookies. No obstante, muestra informaci\u00f3n sobre su Pol\u00edtica de cookies en la parte inferior o superior de cualquier p\u00e1gina del portal con cada inicio de sesi\u00f3n con el objeto de que usted sea consciente.<\/p>\n<p>Ante esta informaci\u00f3n es posible llevar a cabo las siguientes acciones:<\/p>\n<ul>\n<li>Aceptar cookies. No se volver\u00e1 a visualizar este aviso al acceder a cualquier p\u00e1gina del portal durante la presente sesi\u00f3n.<\/li>\n<li>Cerrar. Se oculta el aviso en la presente p\u00e1gina.<\/li>\n<li>Modificar su configuraci\u00f3n. Podr\u00e1 obtener m\u00e1s informaci\u00f3n sobre qu\u00e9 son las cookies, conocer la Pol\u00edtica de cookies de <a href=\"http:\/\/www.cesarlopez.com\">www.cesarlopez.com<\/a> y modificar la configuraci\u00f3n de su navegador.<\/li>\n<\/ul>\n<p><strong>TIPOS DE COOKIES Y FINALIDADES DEL TRATAMIENTO<\/strong><\/p>\n<p>C\u00c9SAR L\u00d3PEZ ABOGADOS utiliza cookies propias [y de terceros] para mejorar nuestros servicios y contenidos, as\u00ed como mostrarle publicidad relacionada con sus preferencias mediante el an\u00e1lisis de sus h\u00e1bitos de navegaci\u00f3n.<\/p>\n<p>Le informamos que las cookies utilizadas por C\u00c9SAR L\u00d3PEZ ABOGADOS o por terceros asociados tambi\u00e9n lo son con fines publicitarios, de an\u00e1lisis estad\u00edstico o medici\u00f3n. Tenga en cuenta que estas cookies solo ser\u00e1n empleadas una vez usted haya otorgado su consentimiento para operaci\u00f3n de estas cookies en su navegador.<\/p>\n<p><strong>\u00a0<\/strong><\/p>\n<p>C\u00c9SAR L\u00d3PEZ ABOGADOS emplea dos tipos de cookies en este Sitio:<\/p>\n<ul>\n<li><strong> Cookies de sesi\u00f3n: <\/strong>Son un tipo de cookies dise\u00f1adas para recabar y almacenar datos mientras el usuario accede a una p\u00e1gina web. Estas cookies son temporales y permanecen en su navegador mientras est\u00e1 navegando en nuestra p\u00e1gina web. Estas cookies son necesarias para ciertas aplicaciones o funciones y permiten que este Sitio funcione adecuadamente. Se suelen emplear para almacenar informaci\u00f3n que solo interesa conservar para la prestaci\u00f3n del servicio solicitado por el usuario en una sola ocasi\u00f3n (p.e. una lista de productos adquiridos).<\/li>\n<\/ul>\n<ul>\n<li><strong> Cookies persistentes o de seguimiento: <\/strong>Son un tipo de cookies en el que los datos siguen almacenados en el terminal y pueden ser accedidos y tratados durante un periodo definido por el responsable de la cookie, y que puede ir de unos minutos a varios a\u00f1os. Estas cookies permanecen en su navegador durante un periodo de tiempo m\u00e1s amplio. Este periodo depende de los ajustes que haya introducido en su navegador. Las cookies persistentes permiten que la informaci\u00f3n sea transferida al servidor de este Sitio cada vez que lo visita y facilitan una navegaci\u00f3n m\u00e1s personalizada.<\/li>\n<\/ul>\n<p><strong>En concreto este Sitio utiliza las siguientes cookies:<\/strong><\/p>\n<p><strong>COOKIES ESTRICTAMENTE NECESARIAS<\/strong><\/p>\n<p>Estas cookies son necesarias para que el sitio web funcione y no se pueden desactivar en nuestros sistemas. Por lo general, solo se configuran en respuesta a sus acciones realizadas al solicitar servicios, como establecer sus preferencias de privacidad, iniciar sesi\u00f3n o completar formularios. Puede configurar su navegador para bloquear o alertar sobre estas cookies, pero algunas \u00e1reas del sitio no funcionar\u00e1n. Estas cookies no almacenan ninguna informaci\u00f3n de identificaci\u00f3n personal.<\/p>\n<p><strong>COOKIES DE RENDIMIENTO<\/strong><\/p>\n<p>Estas cookies nos permiten contar las visitas y fuentes de tr\u00e1fico para poder evaluar el rendimiento de nuestro sitio y mejorarlo. Nos ayudan a saber qu\u00e9 p\u00e1ginas son las m\u00e1s o las menos visitadas, y c\u00f3mo los visitantes navegan por el sitio. Toda la informaci\u00f3n que recogen estas cookies es agregada y, por lo tanto, es an\u00f3nima. Si no permite utilizar estas cookies, no sabremos cu\u00e1ndo visit\u00f3 nuestro sitio y no podremos evaluar si funcion\u00f3 correctamente.<\/p>\n<p><strong>COOKIES FUNCIONALES<\/strong><\/p>\n<p>Estas cookies permiten que el sitio web proporcione una mejor funcionalidad y personalizaci\u00f3n. Pueden ser establecidas por nuestra empresa o por proveedores externos cuyos servicios hemos agregado a nuestras p\u00e1ginas. Si no permite utilizar estas cookies, es posible que algunos de estos servicios no funcionen correctamente.<\/p>\n<p><strong>COOKIES DIRIGIDAS<\/strong><\/p>\n<p>Estas cookies pueden ser establecidas a trav\u00e9s de nuestro sitio por nuestros socios publicitarios. Pueden ser utilizadas por esas empresas para crear un perfil de sus intereses y mostrarle anuncios relevantes en otros sitios. No almacenan directamente informaci\u00f3n personal, sino que se basan en la identificaci\u00f3n \u00fanica de su navegador y dispositivo de Internet. Si no permite utilizar estas cookies, ver\u00e1 menos publicidad dirigida.<\/p>\n<p><strong>COOKIES DE TERCEROS<br \/>\n<\/strong><\/p>\n<p><strong>\u00a0<\/strong>De otro lado, las cookies de terceros se usan con fines promocionales para mostrar publicidad C\u00c9SAR L\u00d3PEZ ABOGADOS puede usar medios de terceros. Estos usan las cookies para medir la efectividad de los anuncios y personalizar su contenido. La informaci\u00f3n que puede ser recogida por terceros puede incluir datos tales como la localizaci\u00f3n geogr\u00e1fica (a trav\u00e9s de la direcci\u00f3n IP), datos de contacto o, s\u00f3lo si es introducida a trav\u00e9s de este Sitio, la direcci\u00f3n de correo electr\u00f3nico.<\/p>\n<p><strong>CONTROL DE COOKIES Y DE RECURSOS SIMILARES<\/strong><\/p>\n<p>Si usted prefiere restringir, bloquear o borrar las cookies de este Sitio o cualquier otra p\u00e1gina web, podr\u00e1 utilizar su navegador para hacerlo. Cada navegador es diferente y la funci\u00f3n de &#8216;Ayuda&#8217; le mostrar\u00e1 c\u00f3mo hacerlo. Tenga en cuenta que, si opta por desactivar las cookies, esto puede limitar sus opciones de navegaci\u00f3n o no pueda acceder a este Sitio. Si desea bloquear las cookies de terceros (o en el futuro modificar las opciones) puede conseguir m\u00e1s informaci\u00f3n y elegir la opci\u00f3n m\u00e1s adecuada en la siguiente p\u00e1gina web: <a href=\"http:\/\/www.aboutcookies.org\">www.aboutcookies.org<\/a><\/p>\n<p>Sin perjuicio de lo anterior, le informamos a modo de ejemplo el modo de permitir, bloquear o eliminar las cookies instaladas en su equipo mediante la configuraci\u00f3n de las opciones de los principales navegadores:<\/p>\n<ul>\n<li>Microsoft Internet Explorer o Microsoft Edge: <a href=\"http:\/\/windows.microsoft.com\/es-es\/windows-vista\/Block-or-allow-cookies\">http:\/\/windows.microsoft.com\/es-es\/windows-vista\/Block-or-allow-cookies<\/a><\/li>\n<li>Mozilla Firefox: <a href=\"http:\/\/support.mozilla.org\/es\/kb\/impedir-que-los-sitios-web-guarden-sus-preferencia\">http:\/\/support.mozilla.org\/es\/kb\/impedir-que-los-sitios-web-guarden-sus-preferencia<\/a><\/li>\n<li>Chrome: <a href=\"https:\/\/support.google.com\/accounts\/answer\/61416?hl=es\">https:\/\/support.google.com\/accounts\/answer\/61416?hl=es<\/a><\/li>\n<li>Safari: <a href=\"http:\/\/safari.helpmax.net\/es\/privacidad-y-seguridad\/como-gestionar-las-cookies\/\">http:\/\/safari.helpmax.net\/es\/privacidad-y-seguridad\/como-gestionar-las-cookies\/<\/a><\/li>\n<li>Opera: <a href=\"http:\/\/help.opera.com\/Linux\/10.60\/es-ES\/cookies.html\">http:\/\/help.opera.com\/Linux\/10.60\/es-ES\/cookies.html<\/a><\/li>\n<\/ul>\n<p>Adem\u00e1s, tambi\u00e9n puede gestionar el almac\u00e9n de cookies en su navegador a trav\u00e9s de herramientas como las siguientes:<\/p>\n<ul>\n<li>Ghostery: <a href=\"http:\/\/www.ghostery.com\/\">www.ghostery.com\/<\/a><\/li>\n<li>Your online choices: <a href=\"http:\/\/www.youronlinechoices.com\/es\/\">www.youronlinechoices.com\/es\/<\/a><\/li>\n<\/ul>\n<p><strong>CONTACTO. REVOCACI\u00d3N Y DERECHOS DE ACCESO<\/strong><\/p>\n<p>Para cualquier consulta, comentario o solicitud relativa a nuestra pol\u00edtica de privacidad o esta pol\u00edtica de cookies, puede contactar con nosotros para acceder a cualquier informaci\u00f3n personal que hayamos recogido a trav\u00e9s de este Sitio. En todo momento podr\u00e1 ejercitar su derecho de acceso, rectificaci\u00f3n, cancelaci\u00f3n y oposici\u00f3n enviando su solicitud escrita y firmada dirigida a CESAR L\u00d3PEZ ABOGADOS Calle Lersundi 9, piso tercero, dpto, 1 Bilbao (Bizkaia) 48009 o a trav\u00e9s de nuestro correo electr\u00f3nico <a href=\"mailto:info@cesarlopezabogados.com\">info@cesarlopezabogados.com<\/a>. Usted puede tambi\u00e9n revocar el consentimiento previamente otorgado para la instalaci\u00f3n y tratamiento de cookies en cualquier momento dirigi\u00e9ndose al email arriba indicado. Le informamos que la retirada del consentimiento puede afectar a la funcionalidad de la web.<\/p>\n","protected":false},"excerpt":{"rendered":"<p>C\u00c9SAR L\u00d3PEZ ABOGADOS est\u00e1 comprometido con la protecci\u00f3n de sus datos personales. Utilizamos cookies para ofrecerle una mejor experiencia de navegaci\u00f3n. Este sitio web, www.cesarlopez.com (en adelante, el \u201cSitio\u201d) utiliza<\/p>\n","protected":false},"author":1,"featured_media":0,"parent":0,"menu_order":0,"comment_status":"closed","ping_status":"closed","template":"","meta":{"_monsterinsights_skip_tracking":false,"_monsterinsights_sitenote_active":false,"_monsterinsights_sitenote_note":"","_monsterinsights_sitenote_category":0},"yoast_head":"<!-- This site is optimized with the Yoast SEO plugin v16.2 - https:\/\/yoast.com\/wordpress\/plugins\/seo\/ -->\n<title>Pol\u00edtica de Cookies - C\u00e9sar L\u00f3pez Abogados<\/title>\n<meta name=\"robots\" content=\"index, follow, max-snippet:-1, max-image-preview:large, max-video-preview:-1\" \/>\n<link rel=\"canonical\" href=\"https:\/\/cesarlopezabogados.com\/index.php\/politica-de-cookies\/\" \/>\n<meta property=\"og:locale\" content=\"es_ES\" \/>\n<meta property=\"og:type\" content=\"article\" \/>\n<meta property=\"og:title\" content=\"Pol\u00edtica de Cookies - C\u00e9sar L\u00f3pez Abogados\" \/>\n<meta property=\"og:description\" content=\"C\u00c9SAR L\u00d3PEZ ABOGADOS est\u00e1 comprometido con la protecci\u00f3n de sus datos personales. Utilizamos cookies para ofrecerle una mejor experiencia de navegaci\u00f3n. Este sitio web, www.cesarlopez.com (en adelante, el \u201cSitio\u201d) utiliza\" \/>\n<meta property=\"og:url\" content=\"https:\/\/cesarlopezabogados.com\/index.php\/politica-de-cookies\/\" \/>\n<meta property=\"og:site_name\" content=\"C\u00e9sar L\u00f3pez Abogados\" \/>\n<meta property=\"article:modified_time\" content=\"2019-05-31T10:53:37+00:00\" \/>\n<meta name=\"twitter:card\" content=\"summary_large_image\" \/>\n<meta name=\"twitter:label1\" content=\"Tiempo de lectura\">\n\t<meta name=\"twitter:data1\" content=\"8 minutos\">\n<script type=\"application\/ld+json\" class=\"yoast-schema-graph\">{\"@context\":\"https:\/\/schema.org\",\"@graph\":[{\"@type\":\"Organization\",\"@id\":\"https:\/\/cesarlopezabogados.com\/#organization\",\"name\":\"C\\u00e9sar L\\u00f3pez Abogados\",\"url\":\"https:\/\/cesarlopezabogados.com\/\",\"sameAs\":[],\"logo\":{\"@type\":\"ImageObject\",\"@id\":\"https:\/\/cesarlopezabogados.com\/#logo\",\"inLanguage\":\"es\",\"url\":\"https:\/\/cesarlopezabogados.com\/wp-content\/uploads\/2018\/06\/cesar-lopez-abogados.jpg\",\"contentUrl\":\"https:\/\/cesarlopezabogados.com\/wp-content\/uploads\/2018\/06\/cesar-lopez-abogados.jpg\",\"width\":271,\"height\":86,\"caption\":\"C\\u00e9sar L\\u00f3pez Abogados\"},\"image\":{\"@id\":\"https:\/\/cesarlopezabogados.com\/#logo\"}},{\"@type\":\"WebSite\",\"@id\":\"https:\/\/cesarlopezabogados.com\/#website\",\"url\":\"https:\/\/cesarlopezabogados.com\/\",\"name\":\"C\\u00e9sar L\\u00f3pez Abogados\",\"description\":\"Equipo de abigados especializados en derecho civil y penal\",\"publisher\":{\"@id\":\"https:\/\/cesarlopezabogados.com\/#organization\"},\"potentialAction\":[{\"@type\":\"SearchAction\",\"target\":\"https:\/\/cesarlopezabogados.com\/?s={search_term_string}\",\"query-input\":\"required name=search_term_string\"}],\"inLanguage\":\"es\"},{\"@type\":\"WebPage\",\"@id\":\"https:\/\/cesarlopezabogados.com\/index.php\/politica-de-cookies\/#webpage\",\"url\":\"https:\/\/cesarlopezabogados.com\/index.php\/politica-de-cookies\/\",\"name\":\"Pol\\u00edtica de Cookies - C\\u00e9sar L\\u00f3pez Abogados\",\"isPartOf\":{\"@id\":\"https:\/\/cesarlopezabogados.com\/#website\"},\"datePublished\":\"2018-07-13T11:18:34+00:00\",\"dateModified\":\"2019-05-31T10:53:37+00:00\",\"breadcrumb\":{\"@id\":\"https:\/\/cesarlopezabogados.com\/index.php\/politica-de-cookies\/#breadcrumb\"},\"inLanguage\":\"es\",\"potentialAction\":[{\"@type\":\"ReadAction\",\"target\":[\"https:\/\/cesarlopezabogados.com\/index.php\/politica-de-cookies\/\"]}]},{\"@type\":\"BreadcrumbList\",\"@id\":\"https:\/\/cesarlopezabogados.com\/index.php\/politica-de-cookies\/#breadcrumb\",\"itemListElement\":[{\"@type\":\"ListItem\",\"position\":1,\"item\":{\"@type\":\"WebPage\",\"@id\":\"https:\/\/cesarlopezabogados.com\/\",\"url\":\"https:\/\/cesarlopezabogados.com\/\",\"name\":\"Portada\"}},{\"@type\":\"ListItem\",\"position\":2,\"item\":{\"@id\":\"https:\/\/cesarlopezabogados.com\/index.php\/politica-de-cookies\/#webpage\"}}]}]}<\/script>\n<!-- \/ Yoast SEO plugin. -->","_links":{"self":[{"href":"https:\/\/cesarlopezabogados.com\/index.php\/wp-json\/wp\/v2\/pages\/100"}],"collection":[{"href":"https:\/\/cesarlopezabogados.com\/index.php\/wp-json\/wp\/v2\/pages"}],"about":[{"href":"https:\/\/cesarlopezabogados.com\/index.php\/wp-json\/wp\/v2\/types\/page"}],"author":[{"embeddable":true,"href":"https:\/\/cesarlopezabogados.com\/index.php\/wp-json\/wp\/v2\/users\/1"}],"replies":[{"embeddable":true,"href":"https:\/\/cesarlopezabogados.com\/index.php\/wp-json\/wp\/v2\/comments?post=100"}],"version-history":[{"count":3,"href":"https:\/\/cesarlopezabogados.com\/index.php\/wp-json\/wp\/v2\/pages\/100\/revisions"}],"predecessor-version":[{"id":703,"href":"https:\/\/cesarlopezabogados.com\/index.php\/wp-json\/wp\/v2\/pages\/100\/revisions\/703"}],"wp:attachment":[{"href":"https:\/\/cesarlopezabogados.com\/index.php\/wp-json\/wp\/v2\/media?parent=100"}],"curies":[{"name":"wp","href":"https:\/\/api.w.org\/{rel}","templated":true}]}}