{"id":25,"date":"2018-07-09T16:19:31","date_gmt":"2018-07-09T16:19:31","guid":{"rendered":"https:\/\/cesarlopezabogados.com\/?page_id=25"},"modified":"2021-09-28T09:41:06","modified_gmt":"2021-09-28T09:41:06","slug":"quienes-somos","status":"publish","type":"page","link":"https:\/\/cesarlopezabogados.com\/index.php\/quienes-somos\/","title":{"rendered":"\u00bfQui\u00e9nes somos?"},"content":{"rendered":"<p>En sus inicios la firma se especializ\u00f3 en el Derecho de la Construcci\u00f3n, pero con la pronta incorporaci\u00f3n de las letradas Beatriz Intxaurraga y Nagore Enbeita la firma ampli\u00f3 sus horizontes hasta ocuparse actualmente de la pr\u00e1ctica totalidad de las ramas del Derecho, incluido el Derecho Mercantil, \u00e1rea de la que se ocupa la \u00faltima incorporaci\u00f3n de la firma I\u00f1igo L\u00f3pez.<\/p>\n<p>Para darte el mejor asesoramiento en cualquier \u00e1rea del Derecho contamos con la plantilla anteriormente descrita de profesionales altamente cualificados:<\/p>\n<p style=\"text-align: center;\"><div class=\"su-row\"><div class=\"su-column su-column-size-1-4\"><div class=\"su-column-inner su-u-clearfix su-u-trim\"><img loading=\"lazy\" class=\"aligncenter wp-image-529\" src=\"https:\/\/cesarlopezabogados.com\/wp-content\/uploads\/2019\/02\/cesar-lopez.png\" alt=\"\" width=\"198\" height=\"200\" srcset=\"https:\/\/cesarlopezabogados.com\/wp-content\/uploads\/2019\/02\/cesar-lopez.png 429w, https:\/\/cesarlopezabogados.com\/wp-content\/uploads\/2019\/02\/cesar-lopez-297x300.png 297w\" sizes=\"(max-width: 198px) 100vw, 198px\" \/><\/p>\n<h6 style=\"text-align: center;\"><span class=\"su-lightbox\" data-mfp-src=\"https:\/\/cesarlopezabogados.com\/index.php\/cesar-lopez\/\" data-mfp-type=\"iframe\" data-mobile=\"yes\"><a href=\"#\">C\u00c9SAR L\u00d3PEZ L\u00d3PEZ<\/a><\/span><\/h6>\n<ul>\n<li>Derecho de la Construcci\u00f3n<\/li>\n<li>Responsabilidad Civil<\/li>\n<li>Propiedad Horizontal y Derecho Inmobiliario<\/li>\n<li>Derecho Penal<\/li>\n<li>Derecho de Familia y Sucesorio (Herencias)<\/li>\n<li>Derecho Administrativo<\/li>\n<li>Derecho Bancario<\/li>\n<\/ul>\n<p style=\"text-align: left;\"><\/div><\/div> <div class=\"su-column su-column-size-1-4\"><div class=\"su-column-inner su-u-clearfix su-u-trim\"><img loading=\"lazy\" class=\"aligncenter wp-image-534\" src=\"https:\/\/cesarlopezabogados.com\/wp-content\/uploads\/2019\/02\/beatriz-intxaurraga.png\" alt=\"\" width=\"198\" height=\"200\" srcset=\"https:\/\/cesarlopezabogados.com\/wp-content\/uploads\/2019\/02\/beatriz-intxaurraga.png 429w, https:\/\/cesarlopezabogados.com\/wp-content\/uploads\/2019\/02\/beatriz-intxaurraga-297x300.png 297w\" sizes=\"(max-width: 198px) 100vw, 198px\" \/><\/p>\n<h6><span class=\"su-lightbox\" data-mfp-src=\"https:\/\/cesarlopezabogados.com\/index.php\/beatriz-intxaurraga-aranguren\/\" data-mfp-type=\"iframe\" data-mobile=\"yes\"><a href=\"#\">BEATRIZ INTXAURRAGA ARANGUREN<\/a><\/span><\/h6>\n<ul>\n<li>Derecho de la Construcci\u00f3n<\/li>\n<li>Responsabilidad Civil<\/li>\n<li>Propiedad Horizontal y Derecho Inmobiliario<\/li>\n<li>Derecho Penal<\/li>\n<li>Derecho de Familia y Sucesorio (Herencias)<\/li>\n<li>Derecho Fiscal<\/li>\n<li>Derecho Administrativo<\/li>\n<li>Derecho Bancario<\/li>\n<li>Derecho Laboral<\/li>\n<\/ul>\n<p style=\"text-align: left;\"><\/div><\/div> <div class=\"su-column su-column-size-1-4\"><div class=\"su-column-inner su-u-clearfix su-u-trim\"><img loading=\"lazy\" class=\"aligncenter wp-image-539\" src=\"https:\/\/cesarlopezabogados.com\/wp-content\/uploads\/2019\/02\/in\u0303igo-lopez.png\" alt=\"\" width=\"198\" height=\"200\" srcset=\"https:\/\/cesarlopezabogados.com\/wp-content\/uploads\/2019\/02\/in\u0303igo-lopez.png 429w, https:\/\/cesarlopezabogados.com\/wp-content\/uploads\/2019\/02\/in\u0303igo-lopez-297x300.png 297w\" sizes=\"(max-width: 198px) 100vw, 198px\" \/><\/p>\n<h6><span class=\"su-lightbox\" data-mfp-src=\"https:\/\/cesarlopezabogados.com\/index.php\/inigo-lopez-villandiego\/\" data-mfp-type=\"iframe\" data-mobile=\"yes\"><a href=\"#\">I\u00d1IGO L\u00d3PEZ VILLANDIEGO<\/a><\/span><\/h6>\n<ul>\n<li>Derecho de la Construcci\u00f3n<\/li>\n<li>Propiedad Horizontal y Derecho Inmobiliario<\/li>\n<li>Responsabilidad Civil<\/li>\n<li>Derecho de Familia y Sucesorio (Herencias)<\/li>\n<li>Derecho Fiscal<\/li>\n<li>Derecho Mercantil y societario<\/li>\n<li>Derecho Bancario<\/div><\/div><\/li>\n<\/ul>\n<div class=\"su-column su-column-size-1-4\"><div class=\"su-column-inner su-u-clearfix su-u-trim\"><img loading=\"lazy\" class=\"wp-image-718 size-thumbnail aligncenter\" src=\"https:\/\/cesarlopezabogados.com\/wp-content\/uploads\/2021\/09\/javier-lopez-vollandiego-200x200.png\" alt=\"\" width=\"200\" height=\"200\" srcset=\"https:\/\/cesarlopezabogados.com\/wp-content\/uploads\/2021\/09\/javier-lopez-vollandiego-200x200.png 200w, https:\/\/cesarlopezabogados.com\/wp-content\/uploads\/2021\/09\/javier-lopez-vollandiego-300x300.png 300w, https:\/\/cesarlopezabogados.com\/wp-content\/uploads\/2021\/09\/javier-lopez-vollandiego.png 429w\" sizes=\"(max-width: 200px) 100vw, 200px\" \/><\/p>\n<h6><span class=\"su-lightbox\" data-mfp-src=\"https:\/\/cesarlopezabogados.com\/index.php\/nagore-enbeitia-izaguirre\/\" data-mfp-type=\"iframe\" data-mobile=\"yes\"><a href=\"#\">JAVIER L\u00d3PEZ VILLANDIEGO<\/a><\/span><\/h6>\n<ul>\n<li>Derecho de la Construcci\u00f3n<\/li>\n<li>Responsabilidad Civil Contractual y Extracontractual<\/li>\n<li>Propiedad Horizontal y Derecho Inmobiliario<\/li>\n<li>Derecho Penal<\/li>\n<li>Derecho de Familia y Sucesorio (Herencias)<\/li>\n<li>Derecho Penal<\/li>\n<li>Derecho Bancario<\/li>\n<li>Derecho Laboral<\/li>\n<\/ul>\n<\/div><\/div><\/div>\n","protected":false},"excerpt":{"rendered":"<p>En sus inicios la firma se especializ\u00f3 en el Derecho de la Construcci\u00f3n, pero con la pronta incorporaci\u00f3n de las letradas Beatriz Intxaurraga y Nagore Enbeita la firma ampli\u00f3 sus<\/p>\n","protected":false},"author":1,"featured_media":0,"parent":0,"menu_order":0,"comment_status":"closed","ping_status":"closed","template":"","meta":{"_monsterinsights_skip_tracking":false,"_monsterinsights_sitenote_active":false,"_monsterinsights_sitenote_note":"","_monsterinsights_sitenote_category":0},"yoast_head":"<!-- This site is optimized with the Yoast SEO plugin v16.2 - https:\/\/yoast.com\/wordpress\/plugins\/seo\/ -->\n<title>\u00bfQui\u00e9nes somos? - C\u00e9sar L\u00f3pez Abogados<\/title>\n<meta name=\"description\" content=\"En sus inicios la firma se especializ\u00f3 en el Derecho de la Construcci\u00f3n, pero con la pronta incorporaci\u00f3n de las letradas Beatriz Intxaurraga y Nagore Enbeita la firma ampli\u00f3 sus horizontes hasta ocuparse actualmente de la pr\u00e1ctica totalidad de las ramas del Derecho, incluido el Derecho Mercantil, \u00e1rea de la que se ocupa la \u00faltima incorporaci\u00f3n de la firma I\u00f1igo L\u00f3pez.\" \/>\n<meta name=\"robots\" content=\"index, follow, max-snippet:-1, max-image-preview:large, max-video-preview:-1\" \/>\n<link rel=\"canonical\" href=\"https:\/\/cesarlopezabogados.com\/index.php\/quienes-somos\/\" \/>\n<meta property=\"og:locale\" content=\"es_ES\" \/>\n<meta property=\"og:type\" content=\"article\" \/>\n<meta property=\"og:title\" content=\"\u00bfQui\u00e9nes somos? - C\u00e9sar L\u00f3pez Abogados\" \/>\n<meta property=\"og:description\" content=\"En sus inicios la firma se especializ\u00f3 en el Derecho de la Construcci\u00f3n, pero con la pronta incorporaci\u00f3n de las letradas Beatriz Intxaurraga y Nagore Enbeita la firma ampli\u00f3 sus horizontes hasta ocuparse actualmente de la pr\u00e1ctica totalidad de las ramas del Derecho, incluido el Derecho Mercantil, \u00e1rea de la que se ocupa la \u00faltima incorporaci\u00f3n de la firma I\u00f1igo L\u00f3pez.\" \/>\n<meta property=\"og:url\" content=\"https:\/\/cesarlopezabogados.com\/index.php\/quienes-somos\/\" \/>\n<meta property=\"og:site_name\" content=\"C\u00e9sar L\u00f3pez Abogados\" \/>\n<meta property=\"article:modified_time\" content=\"2021-09-28T09:41:06+00:00\" \/>\n<meta property=\"og:image\" content=\"https:\/\/cesarlopezabogados.com\/wp-content\/uploads\/2019\/02\/cesar-lopez.png\" \/>\n<meta name=\"twitter:card\" content=\"summary_large_image\" \/>\n<meta name=\"twitter:label1\" content=\"Tiempo de lectura\">\n\t<meta name=\"twitter:data1\" content=\"1 minuto\">\n<script type=\"application\/ld+json\" class=\"yoast-schema-graph\">{\"@context\":\"https:\/\/schema.org\",\"@graph\":[{\"@type\":\"Organization\",\"@id\":\"https:\/\/cesarlopezabogados.com\/#organization\",\"name\":\"C\\u00e9sar L\\u00f3pez Abogados\",\"url\":\"https:\/\/cesarlopezabogados.com\/\",\"sameAs\":[],\"logo\":{\"@type\":\"ImageObject\",\"@id\":\"https:\/\/cesarlopezabogados.com\/#logo\",\"inLanguage\":\"es\",\"url\":\"https:\/\/cesarlopezabogados.com\/wp-content\/uploads\/2018\/06\/cesar-lopez-abogados.jpg\",\"contentUrl\":\"https:\/\/cesarlopezabogados.com\/wp-content\/uploads\/2018\/06\/cesar-lopez-abogados.jpg\",\"width\":271,\"height\":86,\"caption\":\"C\\u00e9sar L\\u00f3pez Abogados\"},\"image\":{\"@id\":\"https:\/\/cesarlopezabogados.com\/#logo\"}},{\"@type\":\"WebSite\",\"@id\":\"https:\/\/cesarlopezabogados.com\/#website\",\"url\":\"https:\/\/cesarlopezabogados.com\/\",\"name\":\"C\\u00e9sar L\\u00f3pez Abogados\",\"description\":\"Equipo de abigados especializados en derecho civil y penal\",\"publisher\":{\"@id\":\"https:\/\/cesarlopezabogados.com\/#organization\"},\"potentialAction\":[{\"@type\":\"SearchAction\",\"target\":\"https:\/\/cesarlopezabogados.com\/?s={search_term_string}\",\"query-input\":\"required name=search_term_string\"}],\"inLanguage\":\"es\"},{\"@type\":\"ImageObject\",\"@id\":\"https:\/\/cesarlopezabogados.com\/index.php\/quienes-somos\/#primaryimage\",\"inLanguage\":\"es\",\"url\":\"https:\/\/cesarlopezabogados.com\/wp-content\/uploads\/2019\/02\/cesar-lopez.png\",\"contentUrl\":\"https:\/\/cesarlopezabogados.com\/wp-content\/uploads\/2019\/02\/cesar-lopez.png\",\"width\":429,\"height\":433},{\"@type\":\"WebPage\",\"@id\":\"https:\/\/cesarlopezabogados.com\/index.php\/quienes-somos\/#webpage\",\"url\":\"https:\/\/cesarlopezabogados.com\/index.php\/quienes-somos\/\",\"name\":\"\\u00bfQui\\u00e9nes somos? - C\\u00e9sar L\\u00f3pez Abogados\",\"isPartOf\":{\"@id\":\"https:\/\/cesarlopezabogados.com\/#website\"},\"primaryImageOfPage\":{\"@id\":\"https:\/\/cesarlopezabogados.com\/index.php\/quienes-somos\/#primaryimage\"},\"datePublished\":\"2018-07-09T16:19:31+00:00\",\"dateModified\":\"2021-09-28T09:41:06+00:00\",\"description\":\"En sus inicios la firma se especializ\\u00f3 en el Derecho de la Construcci\\u00f3n, pero con la pronta incorporaci\\u00f3n de las letradas Beatriz Intxaurraga y Nagore Enbeita la firma ampli\\u00f3 sus horizontes hasta ocuparse actualmente de la pr\\u00e1ctica totalidad de las ramas del Derecho, incluido el Derecho Mercantil, \\u00e1rea de la que se ocupa la \\u00faltima incorporaci\\u00f3n de la firma I\\u00f1igo L\\u00f3pez.\",\"breadcrumb\":{\"@id\":\"https:\/\/cesarlopezabogados.com\/index.php\/quienes-somos\/#breadcrumb\"},\"inLanguage\":\"es\",\"potentialAction\":[{\"@type\":\"ReadAction\",\"target\":[\"https:\/\/cesarlopezabogados.com\/index.php\/quienes-somos\/\"]}]},{\"@type\":\"BreadcrumbList\",\"@id\":\"https:\/\/cesarlopezabogados.com\/index.php\/quienes-somos\/#breadcrumb\",\"itemListElement\":[{\"@type\":\"ListItem\",\"position\":1,\"item\":{\"@type\":\"WebPage\",\"@id\":\"https:\/\/cesarlopezabogados.com\/\",\"url\":\"https:\/\/cesarlopezabogados.com\/\",\"name\":\"Portada\"}},{\"@type\":\"ListItem\",\"position\":2,\"item\":{\"@id\":\"https:\/\/cesarlopezabogados.com\/index.php\/quienes-somos\/#webpage\"}}]}]}<\/script>\n<!-- \/ Yoast SEO plugin. -->","_links":{"self":[{"href":"https:\/\/cesarlopezabogados.com\/index.php\/wp-json\/wp\/v2\/pages\/25"}],"collection":[{"href":"https:\/\/cesarlopezabogados.com\/index.php\/wp-json\/wp\/v2\/pages"}],"about":[{"href":"https:\/\/cesarlopezabogados.com\/index.php\/wp-json\/wp\/v2\/types\/page"}],"author":[{"embeddable":true,"href":"https:\/\/cesarlopezabogados.com\/index.php\/wp-json\/wp\/v2\/users\/1"}],"replies":[{"embeddable":true,"href":"https:\/\/cesarlopezabogados.com\/index.php\/wp-json\/wp\/v2\/comments?post=25"}],"version-history":[{"count":62,"href":"https:\/\/cesarlopezabogados.com\/index.php\/wp-json\/wp\/v2\/pages\/25\/revisions"}],"predecessor-version":[{"id":719,"href":"https:\/\/cesarlopezabogados.com\/index.php\/wp-json\/wp\/v2\/pages\/25\/revisions\/719"}],"wp:attachment":[{"href":"https:\/\/cesarlopezabogados.com\/index.php\/wp-json\/wp\/v2\/media?parent=25"}],"curies":[{"name":"wp","href":"https:\/\/api.w.org\/{rel}","templated":true}]}}