{"id":27,"date":"2018-07-09T16:20:24","date_gmt":"2018-07-09T16:20:24","guid":{"rendered":"https:\/\/cesarlopezabogados.com\/?page_id=27"},"modified":"2019-02-07T12:11:52","modified_gmt":"2019-02-07T12:11:52","slug":"patologia-constructiva","status":"publish","type":"page","link":"https:\/\/cesarlopezabogados.com\/index.php\/patologia-constructiva\/","title":{"rendered":"Derecho de la Construcci\u00f3n"},"content":{"rendered":"<p>El Derecho de la Construcci\u00f3n est\u00e1 muy vinculado a la propia creaci\u00f3n de la Firma y contin\u00faa siendo hoy en d\u00eda nuestra especialidad primaria.<\/p>\n<p>Esto se traduce en que nuestros letrados poseen una gran experiencia en la asesor\u00eda y defensa de los intereses de los diferentes agentes de la construcci\u00f3n (arquitectos, constructoras o promotoras), incluyendo como no puede ser de otra manera, los intereses de los consumidores particulares o comunidades de propietarios.<\/p>\n","protected":false},"excerpt":{"rendered":"<p>El Derecho de la Construcci\u00f3n est\u00e1 muy vinculado a la propia creaci\u00f3n de la Firma y contin\u00faa siendo hoy en d\u00eda nuestra especialidad primaria. Esto se traduce en que nuestros<\/p>\n","protected":false},"author":1,"featured_media":0,"parent":0,"menu_order":0,"comment_status":"closed","ping_status":"closed","template":"","meta":{"_monsterinsights_skip_tracking":false,"_monsterinsights_sitenote_active":false,"_monsterinsights_sitenote_note":"","_monsterinsights_sitenote_category":0},"yoast_head":"<!-- This site is optimized with the Yoast SEO plugin v16.2 - https:\/\/yoast.com\/wordpress\/plugins\/seo\/ -->\n<title>Derecho de la Construcci\u00f3n - C\u00e9sar L\u00f3pez Abogados<\/title>\n<meta name=\"robots\" content=\"index, follow, max-snippet:-1, max-image-preview:large, max-video-preview:-1\" \/>\n<link rel=\"canonical\" href=\"https:\/\/cesarlopezabogados.com\/index.php\/patologia-constructiva\/\" \/>\n<meta property=\"og:locale\" content=\"es_ES\" \/>\n<meta property=\"og:type\" content=\"article\" \/>\n<meta property=\"og:title\" content=\"Derecho de la Construcci\u00f3n - C\u00e9sar L\u00f3pez Abogados\" \/>\n<meta property=\"og:description\" content=\"El Derecho de la Construcci\u00f3n est\u00e1 muy vinculado a la propia creaci\u00f3n de la Firma y contin\u00faa siendo hoy en d\u00eda nuestra especialidad primaria. Esto se traduce en que nuestros\" \/>\n<meta property=\"og:url\" content=\"https:\/\/cesarlopezabogados.com\/index.php\/patologia-constructiva\/\" \/>\n<meta property=\"og:site_name\" content=\"C\u00e9sar L\u00f3pez Abogados\" \/>\n<meta property=\"article:modified_time\" content=\"2019-02-07T12:11:52+00:00\" \/>\n<meta name=\"twitter:card\" content=\"summary_large_image\" \/>\n<script type=\"application\/ld+json\" class=\"yoast-schema-graph\">{\"@context\":\"https:\/\/schema.org\",\"@graph\":[{\"@type\":\"Organization\",\"@id\":\"https:\/\/cesarlopezabogados.com\/#organization\",\"name\":\"C\\u00e9sar L\\u00f3pez Abogados\",\"url\":\"https:\/\/cesarlopezabogados.com\/\",\"sameAs\":[],\"logo\":{\"@type\":\"ImageObject\",\"@id\":\"https:\/\/cesarlopezabogados.com\/#logo\",\"inLanguage\":\"es\",\"url\":\"https:\/\/cesarlopezabogados.com\/wp-content\/uploads\/2018\/06\/cesar-lopez-abogados.jpg\",\"contentUrl\":\"https:\/\/cesarlopezabogados.com\/wp-content\/uploads\/2018\/06\/cesar-lopez-abogados.jpg\",\"width\":271,\"height\":86,\"caption\":\"C\\u00e9sar L\\u00f3pez Abogados\"},\"image\":{\"@id\":\"https:\/\/cesarlopezabogados.com\/#logo\"}},{\"@type\":\"WebSite\",\"@id\":\"https:\/\/cesarlopezabogados.com\/#website\",\"url\":\"https:\/\/cesarlopezabogados.com\/\",\"name\":\"C\\u00e9sar L\\u00f3pez Abogados\",\"description\":\"Equipo de abigados especializados en derecho civil y penal\",\"publisher\":{\"@id\":\"https:\/\/cesarlopezabogados.com\/#organization\"},\"potentialAction\":[{\"@type\":\"SearchAction\",\"target\":\"https:\/\/cesarlopezabogados.com\/?s={search_term_string}\",\"query-input\":\"required name=search_term_string\"}],\"inLanguage\":\"es\"},{\"@type\":\"WebPage\",\"@id\":\"https:\/\/cesarlopezabogados.com\/index.php\/patologia-constructiva\/#webpage\",\"url\":\"https:\/\/cesarlopezabogados.com\/index.php\/patologia-constructiva\/\",\"name\":\"Derecho de la Construcci\\u00f3n - C\\u00e9sar L\\u00f3pez Abogados\",\"isPartOf\":{\"@id\":\"https:\/\/cesarlopezabogados.com\/#website\"},\"datePublished\":\"2018-07-09T16:20:24+00:00\",\"dateModified\":\"2019-02-07T12:11:52+00:00\",\"breadcrumb\":{\"@id\":\"https:\/\/cesarlopezabogados.com\/index.php\/patologia-constructiva\/#breadcrumb\"},\"inLanguage\":\"es\",\"potentialAction\":[{\"@type\":\"ReadAction\",\"target\":[\"https:\/\/cesarlopezabogados.com\/index.php\/patologia-constructiva\/\"]}]},{\"@type\":\"BreadcrumbList\",\"@id\":\"https:\/\/cesarlopezabogados.com\/index.php\/patologia-constructiva\/#breadcrumb\",\"itemListElement\":[{\"@type\":\"ListItem\",\"position\":1,\"item\":{\"@type\":\"WebPage\",\"@id\":\"https:\/\/cesarlopezabogados.com\/\",\"url\":\"https:\/\/cesarlopezabogados.com\/\",\"name\":\"Portada\"}},{\"@type\":\"ListItem\",\"position\":2,\"item\":{\"@id\":\"https:\/\/cesarlopezabogados.com\/index.php\/patologia-constructiva\/#webpage\"}}]}]}<\/script>\n<!-- \/ Yoast SEO plugin. -->","_links":{"self":[{"href":"https:\/\/cesarlopezabogados.com\/index.php\/wp-json\/wp\/v2\/pages\/27"}],"collection":[{"href":"https:\/\/cesarlopezabogados.com\/index.php\/wp-json\/wp\/v2\/pages"}],"about":[{"href":"https:\/\/cesarlopezabogados.com\/index.php\/wp-json\/wp\/v2\/types\/page"}],"author":[{"embeddable":true,"href":"https:\/\/cesarlopezabogados.com\/index.php\/wp-json\/wp\/v2\/users\/1"}],"replies":[{"embeddable":true,"href":"https:\/\/cesarlopezabogados.com\/index.php\/wp-json\/wp\/v2\/comments?post=27"}],"version-history":[{"count":9,"href":"https:\/\/cesarlopezabogados.com\/index.php\/wp-json\/wp\/v2\/pages\/27\/revisions"}],"predecessor-version":[{"id":520,"href":"https:\/\/cesarlopezabogados.com\/index.php\/wp-json\/wp\/v2\/pages\/27\/revisions\/520"}],"wp:attachment":[{"href":"https:\/\/cesarlopezabogados.com\/index.php\/wp-json\/wp\/v2\/media?parent=27"}],"curies":[{"name":"wp","href":"https:\/\/api.w.org\/{rel}","templated":true}]}}