{"id":35,"date":"2018-07-09T16:23:53","date_gmt":"2018-07-09T16:23:53","guid":{"rendered":"https:\/\/cesarlopezabogados.com\/?page_id=35"},"modified":"2018-12-26T18:09:44","modified_gmt":"2018-12-26T18:09:44","slug":"derecho-sucesorio-herencias","status":"publish","type":"page","link":"https:\/\/cesarlopezabogados.com\/index.php\/derecho-sucesorio-herencias\/","title":{"rendered":"Derecho de Familia y Sucesorio (Herencias)"},"content":{"rendered":"<p>En este campo, los asuntos m\u00e1s recurrentes son los relativos al asesoramiento durante los procesos de separaci\u00f3n y divorcio y durante todo el proceso de adjudicaci\u00f3n y partici\u00f3n de herencias.<\/p>\n<p>Sin embargo, nuestra firma tambi\u00e9n le asesorar\u00e1 en otras \u00e1reas m\u00e1s desconocidas, ya que somos expertos en procesos de filiaci\u00f3n, incapacidades y firma de protocolos familiares, entre otras.<\/p>\n","protected":false},"excerpt":{"rendered":"<p>En este campo, los asuntos m\u00e1s recurrentes son los relativos al asesoramiento durante los procesos de separaci\u00f3n y divorcio y durante todo el proceso de adjudicaci\u00f3n y partici\u00f3n de herencias.<\/p>\n","protected":false},"author":1,"featured_media":0,"parent":0,"menu_order":0,"comment_status":"closed","ping_status":"closed","template":"","meta":{"_monsterinsights_skip_tracking":false,"_monsterinsights_sitenote_active":false,"_monsterinsights_sitenote_note":"","_monsterinsights_sitenote_category":0},"yoast_head":"<!-- This site is optimized with the Yoast SEO plugin v16.2 - https:\/\/yoast.com\/wordpress\/plugins\/seo\/ -->\n<title>Derecho de Familia y Sucesorio (Herencias) - C\u00e9sar L\u00f3pez Abogados<\/title>\n<meta name=\"robots\" content=\"index, follow, max-snippet:-1, max-image-preview:large, max-video-preview:-1\" \/>\n<link rel=\"canonical\" href=\"https:\/\/cesarlopezabogados.com\/index.php\/derecho-sucesorio-herencias\/\" \/>\n<meta property=\"og:locale\" content=\"es_ES\" \/>\n<meta property=\"og:type\" content=\"article\" \/>\n<meta property=\"og:title\" content=\"Derecho de Familia y Sucesorio (Herencias) - C\u00e9sar L\u00f3pez Abogados\" \/>\n<meta property=\"og:description\" content=\"En este campo, los asuntos m\u00e1s recurrentes son los relativos al asesoramiento durante los procesos de separaci\u00f3n y divorcio y durante todo el proceso de adjudicaci\u00f3n y partici\u00f3n de herencias.\" \/>\n<meta property=\"og:url\" content=\"https:\/\/cesarlopezabogados.com\/index.php\/derecho-sucesorio-herencias\/\" \/>\n<meta property=\"og:site_name\" content=\"C\u00e9sar L\u00f3pez Abogados\" \/>\n<meta property=\"article:modified_time\" content=\"2018-12-26T18:09:44+00:00\" \/>\n<meta name=\"twitter:card\" content=\"summary_large_image\" \/>\n<script type=\"application\/ld+json\" class=\"yoast-schema-graph\">{\"@context\":\"https:\/\/schema.org\",\"@graph\":[{\"@type\":\"Organization\",\"@id\":\"https:\/\/cesarlopezabogados.com\/#organization\",\"name\":\"C\\u00e9sar L\\u00f3pez Abogados\",\"url\":\"https:\/\/cesarlopezabogados.com\/\",\"sameAs\":[],\"logo\":{\"@type\":\"ImageObject\",\"@id\":\"https:\/\/cesarlopezabogados.com\/#logo\",\"inLanguage\":\"es\",\"url\":\"https:\/\/cesarlopezabogados.com\/wp-content\/uploads\/2018\/06\/cesar-lopez-abogados.jpg\",\"contentUrl\":\"https:\/\/cesarlopezabogados.com\/wp-content\/uploads\/2018\/06\/cesar-lopez-abogados.jpg\",\"width\":271,\"height\":86,\"caption\":\"C\\u00e9sar L\\u00f3pez Abogados\"},\"image\":{\"@id\":\"https:\/\/cesarlopezabogados.com\/#logo\"}},{\"@type\":\"WebSite\",\"@id\":\"https:\/\/cesarlopezabogados.com\/#website\",\"url\":\"https:\/\/cesarlopezabogados.com\/\",\"name\":\"C\\u00e9sar L\\u00f3pez Abogados\",\"description\":\"Equipo de abigados especializados en derecho civil y penal\",\"publisher\":{\"@id\":\"https:\/\/cesarlopezabogados.com\/#organization\"},\"potentialAction\":[{\"@type\":\"SearchAction\",\"target\":\"https:\/\/cesarlopezabogados.com\/?s={search_term_string}\",\"query-input\":\"required name=search_term_string\"}],\"inLanguage\":\"es\"},{\"@type\":\"WebPage\",\"@id\":\"https:\/\/cesarlopezabogados.com\/index.php\/derecho-sucesorio-herencias\/#webpage\",\"url\":\"https:\/\/cesarlopezabogados.com\/index.php\/derecho-sucesorio-herencias\/\",\"name\":\"Derecho de Familia y Sucesorio (Herencias) - C\\u00e9sar L\\u00f3pez Abogados\",\"isPartOf\":{\"@id\":\"https:\/\/cesarlopezabogados.com\/#website\"},\"datePublished\":\"2018-07-09T16:23:53+00:00\",\"dateModified\":\"2018-12-26T18:09:44+00:00\",\"breadcrumb\":{\"@id\":\"https:\/\/cesarlopezabogados.com\/index.php\/derecho-sucesorio-herencias\/#breadcrumb\"},\"inLanguage\":\"es\",\"potentialAction\":[{\"@type\":\"ReadAction\",\"target\":[\"https:\/\/cesarlopezabogados.com\/index.php\/derecho-sucesorio-herencias\/\"]}]},{\"@type\":\"BreadcrumbList\",\"@id\":\"https:\/\/cesarlopezabogados.com\/index.php\/derecho-sucesorio-herencias\/#breadcrumb\",\"itemListElement\":[{\"@type\":\"ListItem\",\"position\":1,\"item\":{\"@type\":\"WebPage\",\"@id\":\"https:\/\/cesarlopezabogados.com\/\",\"url\":\"https:\/\/cesarlopezabogados.com\/\",\"name\":\"Portada\"}},{\"@type\":\"ListItem\",\"position\":2,\"item\":{\"@id\":\"https:\/\/cesarlopezabogados.com\/index.php\/derecho-sucesorio-herencias\/#webpage\"}}]}]}<\/script>\n<!-- \/ Yoast SEO plugin. -->","_links":{"self":[{"href":"https:\/\/cesarlopezabogados.com\/index.php\/wp-json\/wp\/v2\/pages\/35"}],"collection":[{"href":"https:\/\/cesarlopezabogados.com\/index.php\/wp-json\/wp\/v2\/pages"}],"about":[{"href":"https:\/\/cesarlopezabogados.com\/index.php\/wp-json\/wp\/v2\/types\/page"}],"author":[{"embeddable":true,"href":"https:\/\/cesarlopezabogados.com\/index.php\/wp-json\/wp\/v2\/users\/1"}],"replies":[{"embeddable":true,"href":"https:\/\/cesarlopezabogados.com\/index.php\/wp-json\/wp\/v2\/comments?post=35"}],"version-history":[{"count":8,"href":"https:\/\/cesarlopezabogados.com\/index.php\/wp-json\/wp\/v2\/pages\/35\/revisions"}],"predecessor-version":[{"id":483,"href":"https:\/\/cesarlopezabogados.com\/index.php\/wp-json\/wp\/v2\/pages\/35\/revisions\/483"}],"wp:attachment":[{"href":"https:\/\/cesarlopezabogados.com\/index.php\/wp-json\/wp\/v2\/media?parent=35"}],"curies":[{"name":"wp","href":"https:\/\/api.w.org\/{rel}","templated":true}]}}