{"id":427,"date":"2018-12-14T10:03:08","date_gmt":"2018-12-14T10:03:08","guid":{"rendered":"https:\/\/cesarlopezabogados.com\/?page_id=427"},"modified":"2019-09-24T16:18:49","modified_gmt":"2019-09-24T16:18:49","slug":"cesar-lopez","status":"publish","type":"page","link":"https:\/\/cesarlopezabogados.com\/index.php\/cesar-lopez\/","title":{"rendered":"C\u00e9sar L\u00f3pez L\u00f3pez"},"content":{"rendered":"\n<h6><strong>EXPERIENCIA PROFESIONAL<\/strong><\/h6>\n\n\n\n<p>1981-2007  <strong>DESPACHO ABRISKETA-RON-URIARTE<\/strong><\/p>\n\n\n\n<p>   Letrado Especialidad RC Construcci\u00f3n.<\/p>\n\n\n\n<p>2007-Actual <strong>DESPACHO C\u00c9SAR L\u00d3PEZ ABOGADOS<\/strong><\/p>\n\n\n\n<p>  Fundador\ndel Despacho. Letrado Especialidad RC Construcci\u00f3n.<\/p>\n\n\n\n<p>1984-Actual <strong>ASEMAS MUTUA ARQUITECTOS<\/strong> <\/p>\n\n\n\n<p>   Letrado Especialidad RC de Arquitectos.<\/p>\n\n\n\n<p>1990-1994  <strong>COLEGIO OFICIAL DE ARQUITECTOS VASCO-NAVARRO<\/strong><\/p>\n\n\n\n<p><strong>   <\/strong>Letrado Asesor.\n<\/p>\n\n\n\n<p>1993-1994 <strong>ESCUELA DE PR\u00c1CTICA JUR\u00cdDICA PEDRO IBARRECHE ICASV-UNIVERSIDAD DEUSTO <\/strong> <\/p>\n\n\n\n<p>  Profesor\nRC, Derecho de la Construcci\u00f3n y Procesal-Civil.<\/p>\n\n\n\n<p>1995-1.998 <strong>ESCUELA DE PR\u00c1CTICA JUR\u00cdDICA PEDRO IBARRECHE ICASV<\/strong> <\/p>\n\n\n\n<p>   Tutor de la Escuela.<\/p>\n\n\n\n<p>1998-2.003  <strong>ESCUELA DE PR\u00c1CTICA JUR\u00cdDICA PEDRO IBARRECHE ICASV<\/strong><\/p>\n\n\n\n<p>  Director\nde la Escuela.<\/p>\n\n\n\n<p>2000-2002   <strong>UPV EHU &#8211;\nEPJ del ICASV<\/strong>   <\/p>\n\n\n\n<p>  Coordinador\ndel M\u00e1ster en Abogac\u00eda y Pr\u00e1ctica Jur\u00eddica.<\/p>\n\n\n\n<p>2003-2008   <strong>ILTE.\nCOLEGIO DE LA ABOGACIA DE BIZKAIA<\/strong><\/p>\n\n\n\n<p>   Miembro de la Junta del Colegio. <\/p>\n\n\n\n<p>2005-Actual  <strong>CONSEJO GENERAL DEL NOTARIADO DE ESPA\u00d1A Y CONSEJO DEL NOTARIADO DEL PA\u00cdS\nVASCO<\/strong>  <\/p>\n\n\n\n<p>   Letrado externo Responsabilidad Notarial. <\/p>\n\n\n\n<p>2008-Actual <strong>UNIVERSIDAD DE DEUSTO<\/strong><\/p>\n\n\n\n<p>Profesor Curso\nde Derecho de Consumo (Curso Posgrado).<\/p>\n\n\n\n<p>2008-Actual <strong>COLEGIO ABOGADOS MADRID<\/strong> <strong>Y BIZKAIA<\/strong><\/p>\n\n\n\n<p>   Taller sobre Patolog\u00eda Constructiva.<\/p>\n\n\n\n<p>2014-Actual  <strong>EPJ-ICASV- UNIVERSIDAD DEUSTO<\/strong><\/p>\n\n\n\n<p><strong>   <\/strong>Profesor\nResponsabilidad Civil de Abogado.<\/p>\n\n\n\n<h6>PUBLICACIONES, INVESTIGACIONES Y COLABORACIONES<\/h6>\n\n\n\n<p>1996-1999  <strong>REVISTA JUR\u00cdDICA ICASV<\/strong><\/p>\n\n\n\n<p>Miembro\nConsejo de Redacci\u00f3n (\u00e1rea de Derecho Civil). <\/p>\n\n\n\n<p>2002   <strong>PUBLICACI\u00d3N GOBIERNO VASCO<\/strong> <\/p>\n\n\n\n<p>Formulario Ley\nJurisdicci\u00f3n Contencioso Administrativo.<\/p>\n\n\n\n<p>2001    <strong>PUBLICACI\u00d3N GOBIERNO VASCO<\/strong><\/p>\n\n\n\n<p>   Formulario\nLey de Enjuiciamiento Civil.<\/p>\n\n\n\n<h6>JORNADAS DE\nFORMACI\u00d3N <\/h6>\n\n\n\n<ul><li>Director Jornadas Consejo Vasco de la Abogac\u00eda-Gobierno Vasco: <\/li><\/ul>\n\n\n\n<ul><li>Intervenci\u00f3n Provocada-Ley de Ordenaci\u00f3n de la Edificaci\u00f3n.<\/li><li>Transformaci\u00f3n de Locales en Viviendas.<\/li><li>Seguridad y Salud en la Construcci\u00f3n.<\/li><li>Problem\u00e1tica de la Ley de\nOrdenaci\u00f3n de la Edificaci\u00f3n.<\/li><\/ul>\n\n\n\n<ul><li><strong>Director Curso Superior Derecho Registral <\/strong><strong>ICASV<\/strong><strong>, UPV y Colegio de Registradores.<\/strong><\/li><\/ul>\n\n\n\n<ul><li><strong>Director Curso Derecho Concursal <\/strong><strong>ICAB.<\/strong><strong><\/strong><\/li><\/ul>\n\n\n\n<ul><li><strong>Ponencias de Derecho de la Construcci\u00f3n <\/strong><strong>ICASV<\/strong><strong>, Colegio de Registradores; AUSBAN.<\/strong><\/li><\/ul>\n\n\n\n<ul><li><strong>Ponencias sobre Defectos en la Construcci\u00f3n ICA\nMADRID (Centro de Estudios).<\/strong><\/li><\/ul>\n\n\n\n<ul><li><strong>Ponencias sobre Defectos en la Construcci\u00f3n\norganizadas por el Grupo Editorial Aranzadi.<\/strong><\/li><\/ul>\n","protected":false},"excerpt":{"rendered":"<p>EXPERIENCIA PROFESIONAL 1981-2007 DESPACHO ABRISKETA-RON-URIARTE Letrado Especialidad RC Construcci\u00f3n. 2007-Actual DESPACHO C\u00c9SAR L\u00d3PEZ ABOGADOS Fundador del Despacho. Letrado Especialidad RC Construcci\u00f3n. 1984-Actual ASEMAS MUTUA ARQUITECTOS Letrado Especialidad RC de Arquitectos.<\/p>\n","protected":false},"author":1,"featured_media":0,"parent":0,"menu_order":0,"comment_status":"closed","ping_status":"closed","template":"","meta":{"_monsterinsights_skip_tracking":false,"_monsterinsights_sitenote_active":false,"_monsterinsights_sitenote_note":"","_monsterinsights_sitenote_category":0},"yoast_head":"<!-- This site is optimized with the Yoast SEO plugin v16.2 - https:\/\/yoast.com\/wordpress\/plugins\/seo\/ -->\n<title>C\u00e9sar L\u00f3pez L\u00f3pez - C\u00e9sar L\u00f3pez Abogados<\/title>\n<meta name=\"description\" content=\"Derecho de la Construcci\u00f3n, Responsabilidad Civil, Propiedad Horizontal y Derecho Inmobiliario, Derecho Penal, Derecho de Familia y Sucesorio (Herencias), Derecho Administrativo, Derecho Bancario\" \/>\n<meta name=\"robots\" content=\"index, follow, max-snippet:-1, max-image-preview:large, max-video-preview:-1\" \/>\n<link rel=\"canonical\" href=\"https:\/\/cesarlopezabogados.com\/index.php\/cesar-lopez\/\" \/>\n<meta property=\"og:locale\" content=\"es_ES\" \/>\n<meta property=\"og:type\" content=\"article\" \/>\n<meta property=\"og:title\" content=\"C\u00e9sar L\u00f3pez L\u00f3pez - C\u00e9sar L\u00f3pez Abogados\" \/>\n<meta property=\"og:description\" content=\"Derecho de la Construcci\u00f3n, Responsabilidad Civil, Propiedad Horizontal y Derecho Inmobiliario, Derecho Penal, Derecho de Familia y Sucesorio (Herencias), Derecho Administrativo, Derecho Bancario\" \/>\n<meta property=\"og:url\" content=\"https:\/\/cesarlopezabogados.com\/index.php\/cesar-lopez\/\" \/>\n<meta property=\"og:site_name\" content=\"C\u00e9sar L\u00f3pez Abogados\" \/>\n<meta property=\"article:modified_time\" content=\"2019-09-24T16:18:49+00:00\" \/>\n<meta name=\"twitter:card\" content=\"summary_large_image\" \/>\n<meta name=\"twitter:label1\" content=\"Tiempo de lectura\">\n\t<meta name=\"twitter:data1\" content=\"2 minutos\">\n<script type=\"application\/ld+json\" class=\"yoast-schema-graph\">{\"@context\":\"https:\/\/schema.org\",\"@graph\":[{\"@type\":\"Organization\",\"@id\":\"https:\/\/cesarlopezabogados.com\/#organization\",\"name\":\"C\\u00e9sar L\\u00f3pez Abogados\",\"url\":\"https:\/\/cesarlopezabogados.com\/\",\"sameAs\":[],\"logo\":{\"@type\":\"ImageObject\",\"@id\":\"https:\/\/cesarlopezabogados.com\/#logo\",\"inLanguage\":\"es\",\"url\":\"https:\/\/cesarlopezabogados.com\/wp-content\/uploads\/2018\/06\/cesar-lopez-abogados.jpg\",\"contentUrl\":\"https:\/\/cesarlopezabogados.com\/wp-content\/uploads\/2018\/06\/cesar-lopez-abogados.jpg\",\"width\":271,\"height\":86,\"caption\":\"C\\u00e9sar L\\u00f3pez Abogados\"},\"image\":{\"@id\":\"https:\/\/cesarlopezabogados.com\/#logo\"}},{\"@type\":\"WebSite\",\"@id\":\"https:\/\/cesarlopezabogados.com\/#website\",\"url\":\"https:\/\/cesarlopezabogados.com\/\",\"name\":\"C\\u00e9sar L\\u00f3pez Abogados\",\"description\":\"Equipo de abigados especializados en derecho civil y penal\",\"publisher\":{\"@id\":\"https:\/\/cesarlopezabogados.com\/#organization\"},\"potentialAction\":[{\"@type\":\"SearchAction\",\"target\":\"https:\/\/cesarlopezabogados.com\/?s={search_term_string}\",\"query-input\":\"required name=search_term_string\"}],\"inLanguage\":\"es\"},{\"@type\":\"WebPage\",\"@id\":\"https:\/\/cesarlopezabogados.com\/index.php\/cesar-lopez\/#webpage\",\"url\":\"https:\/\/cesarlopezabogados.com\/index.php\/cesar-lopez\/\",\"name\":\"C\\u00e9sar L\\u00f3pez L\\u00f3pez - C\\u00e9sar L\\u00f3pez Abogados\",\"isPartOf\":{\"@id\":\"https:\/\/cesarlopezabogados.com\/#website\"},\"datePublished\":\"2018-12-14T10:03:08+00:00\",\"dateModified\":\"2019-09-24T16:18:49+00:00\",\"description\":\"Derecho de la Construcci\\u00f3n, Responsabilidad Civil, Propiedad Horizontal y Derecho Inmobiliario, Derecho Penal, Derecho de Familia y Sucesorio (Herencias), Derecho Administrativo, Derecho Bancario\",\"breadcrumb\":{\"@id\":\"https:\/\/cesarlopezabogados.com\/index.php\/cesar-lopez\/#breadcrumb\"},\"inLanguage\":\"es\",\"potentialAction\":[{\"@type\":\"ReadAction\",\"target\":[\"https:\/\/cesarlopezabogados.com\/index.php\/cesar-lopez\/\"]}]},{\"@type\":\"BreadcrumbList\",\"@id\":\"https:\/\/cesarlopezabogados.com\/index.php\/cesar-lopez\/#breadcrumb\",\"itemListElement\":[{\"@type\":\"ListItem\",\"position\":1,\"item\":{\"@type\":\"WebPage\",\"@id\":\"https:\/\/cesarlopezabogados.com\/\",\"url\":\"https:\/\/cesarlopezabogados.com\/\",\"name\":\"Portada\"}},{\"@type\":\"ListItem\",\"position\":2,\"item\":{\"@id\":\"https:\/\/cesarlopezabogados.com\/index.php\/cesar-lopez\/#webpage\"}}]}]}<\/script>\n<!-- \/ Yoast SEO plugin. -->","_links":{"self":[{"href":"https:\/\/cesarlopezabogados.com\/index.php\/wp-json\/wp\/v2\/pages\/427"}],"collection":[{"href":"https:\/\/cesarlopezabogados.com\/index.php\/wp-json\/wp\/v2\/pages"}],"about":[{"href":"https:\/\/cesarlopezabogados.com\/index.php\/wp-json\/wp\/v2\/types\/page"}],"author":[{"embeddable":true,"href":"https:\/\/cesarlopezabogados.com\/index.php\/wp-json\/wp\/v2\/users\/1"}],"replies":[{"embeddable":true,"href":"https:\/\/cesarlopezabogados.com\/index.php\/wp-json\/wp\/v2\/comments?post=427"}],"version-history":[{"count":13,"href":"https:\/\/cesarlopezabogados.com\/index.php\/wp-json\/wp\/v2\/pages\/427\/revisions"}],"predecessor-version":[{"id":648,"href":"https:\/\/cesarlopezabogados.com\/index.php\/wp-json\/wp\/v2\/pages\/427\/revisions\/648"}],"wp:attachment":[{"href":"https:\/\/cesarlopezabogados.com\/index.php\/wp-json\/wp\/v2\/media?parent=427"}],"curies":[{"name":"wp","href":"https:\/\/api.w.org\/{rel}","templated":true}]}}