{"id":492,"date":"2018-12-26T18:28:00","date_gmt":"2018-12-26T18:28:00","guid":{"rendered":"https:\/\/cesarlopezabogados.com\/?page_id=492"},"modified":"2018-12-26T18:35:35","modified_gmt":"2018-12-26T18:35:35","slug":"derecho-mercantil-y-societario","status":"publish","type":"page","link":"https:\/\/cesarlopezabogados.com\/index.php\/derecho-mercantil-y-societario\/","title":{"rendered":"Derecho Mercantil y Societario"},"content":{"rendered":"\n<p>Contamos con gran\nexperiencia en la asesor\u00eda jur\u00eddica a emprendedores y start-ups, colaborando en\nla creaci\u00f3n y organizaci\u00f3n jur\u00eddica de estas empresas.<\/p>\n\n\n\n<p>Adem\u00e1s, prestamos\nnuestros servicios en procesos de compraventa de empresas, modificaciones\nestructurales y estatutarias (fusiones, escisiones, cambio de domicilio social,\nampliaciones y reducciones de capital) desde el momento previo (carta de\nintenciones, <em>due diligence<\/em>) hasta la firma final (<em>pactos parasociales,\nsigning, closing<\/em>)<\/p>\n\n\n\n<p>Una vez creada o\nadquirida la empresa y durante la vida de \u00e9sta, asesoramos en la redacci\u00f3n,\nrevisi\u00f3n y firma de cualquier clase de contratos mercantiles (distribuci\u00f3n,\nagencia, arrendamiento, etc.) y disputas entre socios.\n\nTambi\u00e9n contamos con amplia experiencia en\nllevanza de secretar\u00edas jur\u00eddicas de sociedades redactando y ejecutando los\nacuerdos que sean necesarios para aprobar las cuentas anuales, revocar y\notorgar poderes o nombrar y cesar a los administradores y cualquier otro\nacuerdo susceptible de entrada en el Registro Mercantil.\n\n\n\n<\/p>\n","protected":false},"excerpt":{"rendered":"<p>Contamos con gran experiencia en la asesor\u00eda jur\u00eddica a emprendedores y start-ups, colaborando en la creaci\u00f3n y organizaci\u00f3n jur\u00eddica de estas empresas. Adem\u00e1s, prestamos nuestros servicios en procesos de compraventa<\/p>\n","protected":false},"author":1,"featured_media":0,"parent":0,"menu_order":0,"comment_status":"closed","ping_status":"closed","template":"","meta":{"_monsterinsights_skip_tracking":false,"_monsterinsights_sitenote_active":false,"_monsterinsights_sitenote_note":"","_monsterinsights_sitenote_category":0},"yoast_head":"<!-- This site is optimized with the Yoast SEO plugin v16.2 - https:\/\/yoast.com\/wordpress\/plugins\/seo\/ -->\n<title>Derecho Mercantil y Societario - C\u00e9sar L\u00f3pez Abogados<\/title>\n<meta name=\"robots\" content=\"index, follow, max-snippet:-1, max-image-preview:large, max-video-preview:-1\" \/>\n<link rel=\"canonical\" href=\"https:\/\/cesarlopezabogados.com\/index.php\/derecho-mercantil-y-societario\/\" \/>\n<meta property=\"og:locale\" content=\"es_ES\" \/>\n<meta property=\"og:type\" content=\"article\" \/>\n<meta property=\"og:title\" content=\"Derecho Mercantil y Societario - C\u00e9sar L\u00f3pez Abogados\" \/>\n<meta property=\"og:description\" content=\"Contamos con gran experiencia en la asesor\u00eda jur\u00eddica a emprendedores y start-ups, colaborando en la creaci\u00f3n y organizaci\u00f3n jur\u00eddica de estas empresas. Adem\u00e1s, prestamos nuestros servicios en procesos de compraventa\" \/>\n<meta property=\"og:url\" content=\"https:\/\/cesarlopezabogados.com\/index.php\/derecho-mercantil-y-societario\/\" \/>\n<meta property=\"og:site_name\" content=\"C\u00e9sar L\u00f3pez Abogados\" \/>\n<meta property=\"article:modified_time\" content=\"2018-12-26T18:35:35+00:00\" \/>\n<meta name=\"twitter:card\" content=\"summary_large_image\" \/>\n<meta name=\"twitter:label1\" content=\"Tiempo de lectura\">\n\t<meta name=\"twitter:data1\" content=\"1 minuto\">\n<script type=\"application\/ld+json\" class=\"yoast-schema-graph\">{\"@context\":\"https:\/\/schema.org\",\"@graph\":[{\"@type\":\"Organization\",\"@id\":\"https:\/\/cesarlopezabogados.com\/#organization\",\"name\":\"C\\u00e9sar L\\u00f3pez Abogados\",\"url\":\"https:\/\/cesarlopezabogados.com\/\",\"sameAs\":[],\"logo\":{\"@type\":\"ImageObject\",\"@id\":\"https:\/\/cesarlopezabogados.com\/#logo\",\"inLanguage\":\"es\",\"url\":\"https:\/\/cesarlopezabogados.com\/wp-content\/uploads\/2018\/06\/cesar-lopez-abogados.jpg\",\"contentUrl\":\"https:\/\/cesarlopezabogados.com\/wp-content\/uploads\/2018\/06\/cesar-lopez-abogados.jpg\",\"width\":271,\"height\":86,\"caption\":\"C\\u00e9sar L\\u00f3pez Abogados\"},\"image\":{\"@id\":\"https:\/\/cesarlopezabogados.com\/#logo\"}},{\"@type\":\"WebSite\",\"@id\":\"https:\/\/cesarlopezabogados.com\/#website\",\"url\":\"https:\/\/cesarlopezabogados.com\/\",\"name\":\"C\\u00e9sar L\\u00f3pez Abogados\",\"description\":\"Equipo de abigados especializados en derecho civil y penal\",\"publisher\":{\"@id\":\"https:\/\/cesarlopezabogados.com\/#organization\"},\"potentialAction\":[{\"@type\":\"SearchAction\",\"target\":\"https:\/\/cesarlopezabogados.com\/?s={search_term_string}\",\"query-input\":\"required name=search_term_string\"}],\"inLanguage\":\"es\"},{\"@type\":\"WebPage\",\"@id\":\"https:\/\/cesarlopezabogados.com\/index.php\/derecho-mercantil-y-societario\/#webpage\",\"url\":\"https:\/\/cesarlopezabogados.com\/index.php\/derecho-mercantil-y-societario\/\",\"name\":\"Derecho Mercantil y Societario - C\\u00e9sar L\\u00f3pez Abogados\",\"isPartOf\":{\"@id\":\"https:\/\/cesarlopezabogados.com\/#website\"},\"datePublished\":\"2018-12-26T18:28:00+00:00\",\"dateModified\":\"2018-12-26T18:35:35+00:00\",\"breadcrumb\":{\"@id\":\"https:\/\/cesarlopezabogados.com\/index.php\/derecho-mercantil-y-societario\/#breadcrumb\"},\"inLanguage\":\"es\",\"potentialAction\":[{\"@type\":\"ReadAction\",\"target\":[\"https:\/\/cesarlopezabogados.com\/index.php\/derecho-mercantil-y-societario\/\"]}]},{\"@type\":\"BreadcrumbList\",\"@id\":\"https:\/\/cesarlopezabogados.com\/index.php\/derecho-mercantil-y-societario\/#breadcrumb\",\"itemListElement\":[{\"@type\":\"ListItem\",\"position\":1,\"item\":{\"@type\":\"WebPage\",\"@id\":\"https:\/\/cesarlopezabogados.com\/\",\"url\":\"https:\/\/cesarlopezabogados.com\/\",\"name\":\"Portada\"}},{\"@type\":\"ListItem\",\"position\":2,\"item\":{\"@id\":\"https:\/\/cesarlopezabogados.com\/index.php\/derecho-mercantil-y-societario\/#webpage\"}}]}]}<\/script>\n<!-- \/ Yoast SEO plugin. -->","_links":{"self":[{"href":"https:\/\/cesarlopezabogados.com\/index.php\/wp-json\/wp\/v2\/pages\/492"}],"collection":[{"href":"https:\/\/cesarlopezabogados.com\/index.php\/wp-json\/wp\/v2\/pages"}],"about":[{"href":"https:\/\/cesarlopezabogados.com\/index.php\/wp-json\/wp\/v2\/types\/page"}],"author":[{"embeddable":true,"href":"https:\/\/cesarlopezabogados.com\/index.php\/wp-json\/wp\/v2\/users\/1"}],"replies":[{"embeddable":true,"href":"https:\/\/cesarlopezabogados.com\/index.php\/wp-json\/wp\/v2\/comments?post=492"}],"version-history":[{"count":2,"href":"https:\/\/cesarlopezabogados.com\/index.php\/wp-json\/wp\/v2\/pages\/492\/revisions"}],"predecessor-version":[{"id":497,"href":"https:\/\/cesarlopezabogados.com\/index.php\/wp-json\/wp\/v2\/pages\/492\/revisions\/497"}],"wp:attachment":[{"href":"https:\/\/cesarlopezabogados.com\/index.php\/wp-json\/wp\/v2\/media?parent=492"}],"curies":[{"name":"wp","href":"https:\/\/api.w.org\/{rel}","templated":true}]}}