{"id":666,"date":"2019-05-06T15:25:09","date_gmt":"2019-05-06T15:25:09","guid":{"rendered":"https:\/\/cesarlopezabogados.com\/?page_id=666"},"modified":"2019-05-06T15:37:21","modified_gmt":"2019-05-06T15:37:21","slug":"aviso-legal","status":"publish","type":"page","link":"https:\/\/cesarlopezabogados.com\/index.php\/aviso-legal\/","title":{"rendered":"Aviso Legal"},"content":{"rendered":"\n<p><strong>T\u00c9RMINOS Y CONDICIONES DE USO<\/strong><\/p>\n\n\n\n<p>C\u00c9SAR L\u00d3PEZ ABOGADOS, con domicilio\nen Calle Lersundi 9, piso tercero, dpto, 1, pone a disposici\u00f3n este\nsitio web para el uso personal y disfrute de los visitantes. C\u00c9SAR\nL\u00d3PEZ ABOGADOS como titular de este sitio web (en adelante el\n\u201c<strong>Sitio<\/strong>\u201d) y responsable del tratamiento de datos personales\nle recomienda que lea detenidamente estos T\u00e9rminos y Condiciones,\nas\u00ed como nuestra Pol\u00edtica de Privacidad y de Cookies antes de usar\neste Sitio, de este modo conocer\u00e1 la forma en que nosotros\nprocesaremos sus datos personales y usamos cookies.<\/p>\n\n\n\n<p>Para cualquier consulta, comentario o\nsolicitud relativa a los T\u00e9rminos y Condiciones de Uso, por favor\ndir\u00edjase a la direcci\u00f3n indicada a continuaci\u00f3n.<\/p>\n\n\n\n<p>Tambi\u00e9n puede contactar con nosotros\npara acceder a cualquier informaci\u00f3n personal que hayamos recogido a\ntrav\u00e9s de este Sitio. En todo momento podr\u00e1 ejercitar su derecho de\nacceso, rectificaci\u00f3n, cancelaci\u00f3n y oposici\u00f3n enviando su\nsolicitud escrita y firmada dirigida a C\u00c9SAR L\u00d3PEZ ABOGADOS, con\ndomicilio en Calle Lersundi 9, piso tercero, dpto, 1 o a trav\u00e9s de\nnuestro correo electr\u00f3nico info@cesarlopezabogados.com.<\/p>\n\n\n\n<p>Este Sitio es exclusivo para uso\npersonal y no comercial. Los derechos de autor de este Sitio\npertenecen a C\u00c9SAR L\u00d3PEZ ABOGADOS, y usted no podr\u00e1 reproducir ni\nanunciar en ning\u00fan otro sitio web, modificar, distribuir o\ntransmitir ninguna parte de este Sitio sin autorizaci\u00f3n escrita de\nC\u00c9SAR L\u00d3PEZ ABOGADOS. Cualquier nombre, logotipo, marca registrada\no marca de servicio contenida en este Sitio es propiedad o tiene\nlicencia de C\u00c9SAR L\u00d3PEZ ABOGADOS y no podr\u00e1 ser utilizada sin\nautorizaci\u00f3n escrita de C\u00c9SAR L\u00d3PEZ ABOGADOS.<\/p>\n\n\n\n<p><strong>USO ILEGAL O PROHIBIDO<\/strong><\/p>\n\n\n\n<p>Usted garantiza a C\u00c9SAR L\u00d3PEZ\nABOGADOS que no utilizar\u00e1 este Sitio con ning\u00fan prop\u00f3sito ilegal o\nprohibido por los t\u00e9rminos, condiciones o anuncios en estos T\u00e9rminos\ny Condiciones y en este Sitio .<\/p>\n\n\n\n<p><strong>AVISO DE EXENCION GARANTIAS Y DA\u00d1OS<\/strong><\/p>\n\n\n\n<p>Aunque C\u00c9SAR L\u00d3PEZ ABOGADOS hace\ntodos los esfuerzos razonables por garantizar que el contenido del\nSitio sea correcto y est\u00e9 actualizado, C\u00c9SAR L\u00d3PEZ ABOGADOS no\ngarantiza su precisi\u00f3n. USTED ACEPTA QUE EL USO QUE HAGA DE ESTE\nSITIO WEB ES A SU EXCLUSIVO RIESGO.<\/p>\n\n\n\n<p>TODOS LOS MATERIALES DEL SITIO WEB SON\nSUMINISTRADOS SIN GARANT\u00cdA DE NING\u00daN TIPO, BIEN SEA EN FORMA\nEXPRESA O T\u00c1CITA, INCLUYENDO, A T\u00cdTULO ILUSTRATIVO, LAS GARANT\u00cdAS\nT\u00c1CITAS DE COMERCIABILIDAD, APTITUD PARA UN PROP\u00d3SITO EN\nPARTICULAR, O NO VIOLACI\u00d3N DE LAS CL\u00c1USULAS. EN NING\u00daN CASO C\u00c9SAR\nL\u00d3PEZ ABOGADOS SER\u00c1 RESPONSABLE DE NING\u00daN DA\u00d1O DIRECTO,\nINDIRECTO, PUNITIVO, INCIDENTAL O ESPECIAL, NI DA\u00d1OS DERIVADOS O\nRELACIONADOS DE ALGUNA FORMA CON EL USO DE ESTE SITIO WEB O DE\nCUALQUIER INFORMACI\u00d3N SUMINISTRADA POR O DESCARGADA DE ESTE SITIO\nWEB.<\/p>\n\n\n\n<p><strong>COMENTARIOS Y ENVIOS DE LOS USUARIOS<\/strong><\/p>\n\n\n\n<p>Usted acepta adem\u00e1s que cualquier\nidea, concepto, t\u00e9cnica u otros materiales que env\u00ede a C\u00c9SAR L\u00d3PEZ\nABOGADOS pasan a ser propiedad de C\u00c9SAR L\u00d3PEZ ABOGADOS en el\nmomento en que sean enviados y\/o anunciados, y podr\u00e1n ser utilizados\npor C\u00c9SAR L\u00d3PEZ ABOGADOS con cualquier fin y sin compensaci\u00f3n.<\/p>\n\n\n\n<p>C\u00c9SAR L\u00d3PEZ ABOGADOS no se hace\nresponsable de las opiniones vertidas por los usuarios internautas en\nla presente p\u00e1gina web.<\/p>\n\n\n\n<p>Usted acuerda indemnizar y eximir de\nresponsabilidad a C\u00c9SAR L\u00d3PEZ ABOGADOS, sus agentes y agencias de\npublicidad, por cualquier acci\u00f3n legal que resulte de una violaci\u00f3n\nde sus declaraciones y garant\u00edas efectuadas en el presente\ndocumento, o que sean efectuadas por una persona cuya imagen o\nreproducci\u00f3n fue utilizada en cualquier foto o video sin su\nautorizaci\u00f3n por escrito.<\/p>\n\n\n\n<p><strong>V\u00cdNCULOS<\/strong><\/p>\n\n\n\n<p>Los sitios con v\u00ednculos desde este\nSitio, o cualquier v\u00ednculo contenido en un sitio vinculado, no est\u00e1n\ncontrolados por C\u00c9SAR L\u00d3PEZ ABOGADOS no asume la responsabilidad\npor su contenido. C\u00c9SAR L\u00d3PEZ ABOGADOS s\u00f3lo suministra estos\nv\u00ednculos para su propia conveniencia y C\u00c9SAR L\u00d3PEZ ABOGADOS no\nemite garant\u00edas, declaraciones o certezas y no ser\u00e1 responsable\npor, ning\u00fan contenido electr\u00f3nico publicado en sitios web de\nterceros, incluyendo, a t\u00edtulo ilustrativo, la precisi\u00f3n, el\ncontenido, la calidad o lo oportuno de dicho contenido electr\u00f3nico.<\/p>\n\n\n\n<p>Usted debe obtener autorizaci\u00f3n de\nC\u00c9SAR L\u00d3PEZ ABOGADOS para vincular este Sitio, o cualquiera de las\np\u00e1ginas del sitio web, a su sitio web. El hecho de C\u00c9SAR L\u00d3PEZ\nABOGADOS pueda estar vinculado a sitios web de terceros no indica que\nC\u00c9SAR L\u00d3PEZ ABOGADOS haya autorizado el v\u00ednculo, y no constituye\nrespaldo ni recomendaci\u00f3n. C\u00c9SAR L\u00d3PEZ ABOGADOS y para el supuesto\nde que en su Sitio existieran enlaces o hiperv\u00ednculos hacia otros\nsitios de internet, no ejercer\u00e1 ning\u00fan tipo de comprobaci\u00f3n ni\ncontrol sobre dichos sitios y contenidos. C\u00c9SAR L\u00d3PEZ ABOGADOS no\nasumir\u00e1 responsabilidad alguna por los contenidos de alg\u00fan enlace o\nhiperv\u00ednculo perteneciente a un sitio web ajeno, ni por supuesto\npodr\u00e1 responsabilizarse ni garantizar la calidad, exactitud,\nfiabilidad, disponibilidad t\u00e9cnica, veracidad, amplitud y validez,\nas\u00ed como la adecuaci\u00f3n de cualquier material o informaci\u00f3n a la\nlegislaci\u00f3n vigente contenida en ninguno de dichos enlaces o\nhiperv\u00ednculos u otros sitios de internet. La inclusi\u00f3n de estas\nconexiones externas no implicar\u00e1 ning\u00fan tipo de asociaci\u00f3n,\nacuerdo, fusi\u00f3n o participaci\u00f3n de C\u00c9SAR L\u00d3PEZ ABOGADOS con las\nentidades \u201cconectadas\u201d.<\/p>\n\n\n\n<p>As\u00ed mismo, esta Sitio web puede usar\nPlugins de redes sociales. Aunque usted no sea usuario de estas redes\nsociales, su direcci\u00f3n de IP se transmitir\u00e1 a los servidores de las\nempresas responsables por las respectivas redes sociales.<\/p>\n\n\n\n<p><strong>LEYES PERTINENTES<\/strong><\/p>\n\n\n\n<p>Este Sitio ha sido creado y es\ncontrolado C\u00c9SAR L\u00d3PEZ ABOGADOS en Espa\u00f1a y esa jurisdicci\u00f3n\nexclusiva est\u00e1 radicada en los tribunales de la ciudad de Bilbao.\nUsted acepta que cualquier reclamaci\u00f3n relacionada con este Sitio,\nlos servicios suministrados a trav\u00e9s de este Sitio o estos T\u00e9rminos\ny Condiciones de uso deber\u00e1n ser regulados por las leyes\nsubstantivas de la ciudad de Bilbao, sin dar validez a los principios\nde la ley de conflictos.<\/p>\n\n\n\n<p>Este Sitio ha sido dise\u00f1ado acatando\nlas leyes de Espa\u00f1a. C\u00c9SAR L\u00d3PEZ ABOGADOS no declara que el\ncontenido de este Sitio sea apropiado para lugares fuera de Espa\u00f1a.\nSi ingresa a este Sitio desde un lugar fuera de Espa\u00f1a, usted se\nhace responsable de acatar todas las leyes locales pertinentes.<\/p>\n\n\n\n<p><strong>PROPIEDAD INTELECTUAL E INDUSTRIAL<\/strong><\/p>\n\n\n\n<p>Los derechos sobre los materiales y\ndem\u00e1s elementos que se muestran en el Sitio y\/o en los contenidos\n(incluyendo, a t\u00edtulo meramente ejemplificativo y sin limitaci\u00f3n,\ndibujos, textos, gr\u00e1ficos, fotograf\u00edas, audio, video, software,\nsignos distintivos, etc.) pertenecen a C\u00c9SAR L\u00d3PEZ ABOGADOS y\/o las\nsociedades pertenecientes al mismo grupo societario o, en su caso, a\nterceros que han consentido la cesi\u00f3n de los mismos a C\u00c9SAR L\u00d3PEZ\nABOGADOS y\/o las sociedades del mismo grupo. Igualmente pertenecen a\nC\u00c9SAR L\u00d3PEZ ABOGADOS los logos, nombres comerciales, dominios y\nmarcas de su titularidad.<\/p>\n\n\n\n<p>El acceso, navegaci\u00f3n, utilizaci\u00f3n,\nubicaci\u00f3n y\/o descarga de materiales y\/o uso de servicios del sitio\nweb y\/o de los contenidos por el usuario, en ning\u00fan caso se\nentender\u00e1 como una renuncia, transmisi\u00f3n, licencia o cesi\u00f3n total\no parcial de los derechos antes indicados por parte de C\u00c9SAR L\u00d3PEZ\nABOGADOS o, en su caso, por parte del titular de los derechos\ncorrespondientes. El usuario tan s\u00f3lo dispone de un derecho de uso\nestrictamente personal y privado, exclusivamente con la finalidad de\ndisfrutar de las prestaciones del servicio, quedando terminantemente\nprohibida su utilizaci\u00f3n con \u00e1nimo de lucro o para fines\ncomerciales.<\/p>\n\n\n\n<p>En consecuencia, no est\u00e1 permitido\nsuprimir, eludir o manipular el aviso de derechos de autor\n(\u201ccopyright\u201d) y cualesquiera otros datos de identificaci\u00f3n de\nlos derechos de C\u00c9SAR L\u00d3PEZ ABOGADOS o de sus respectivos titulares\nincorporados a los contenidos y\/o servicios, as\u00ed como los\ndispositivos t\u00e9cnicos de protecci\u00f3n o cualesquiera mecanismos de\ninformaci\u00f3n y\/o de identificaci\u00f3n que pudieren contenerse en los\nmismos.<\/p>\n\n\n\n<p>En particular, queda terminantemente\nprohibida la utilizaci\u00f3n de cualesquiera materiales o elementos del\nsitio web y\/o de los contenidos para su inclusi\u00f3n, total o parcial,\nen otros sitios web ajenos al sitio web sin contar con la\nautorizaci\u00f3n previa y por escrito de los titulares del sitio web.<\/p>\n\n\n\n<p>Las referencias a nombres y marcas\ncomerciales o registradas, logotipos u otros signos distintivos, ya\nsean titularidad de C\u00c9SAR L\u00d3PEZ ABOGADOS o de terceras empresas,\nllevan impl\u00edcitas la prohibici\u00f3n sobre su uso sin el consentimiento\nde C\u00c9SAR L\u00d3PEZ ABOGADOS o de sus leg\u00edtimos propietarios.<\/p>\n\n\n\n<p>En ning\u00fan momento, salvo manifestaci\u00f3n\nexpresa, el acceso al o uso del sitio web y\/o de los Contenidos,\nconfiere al usuario derecho alguno sobre las marcas, logotipos y\/o\nsignos distintivos all\u00ed incluidos y protegidos por Ley.<\/p>\n\n\n\n<p>Quedan reservados todos los derechos de\npropiedad intelectual e industrial y, en particular, queda prohibido\nmodificar, fijar, copiar, reutilizar, explotar de cualquier forma,\nreproducir, transformar, doblar, subtitular, ceder, vender, alquilar,\nprestar, comunicar p\u00fablicamente, hacer segundas o posteriores\npublicaciones, cargar archivos, enviar por correo, transmitir, usar,\ntratar o distribuir de cualquier forma la totalidad o parte de los\ncontenidos, elementos, y productos en su caso, incluidos en el sitio\nweb y\/o de los contenidos para prop\u00f3sitos p\u00fablicos o comerciales,\nsi no se cuenta con la autorizaci\u00f3n expresa y por escrito de C\u00c9SAR\nL\u00d3PEZ ABOGADOS o, en su caso, del correspondiente titular de los\nderechos.<\/p>\n\n\n\n<p>Si la actuaci\u00f3n u omisi\u00f3n, culpable o\nnegligente, directa o indirectamente imputable al usuario del sitio\nweb y\/o de los contenidos que origine la infracci\u00f3n de los derechos\nde propiedad intelectual e industrial de C\u00c9SAR L\u00d3PEZ ABOGADOS o de\nterceros, originase a C\u00c9SAR L\u00d3PEZ ABOGADOS da\u00f1os, p\u00e9rdidas,\nobligaciones solidarias, gastos de cualquier naturaleza, sanciones,\nmedidas coercitivas, multas y otras cantidades surgidas o derivadas\nde cualquier reclamaci\u00f3n, demanda, acci\u00f3n, pleito o procedimiento,\nya sea civil, penal o administrativo, C\u00c9SAR L\u00d3PEZ ABOGADOS tendr\u00e1\nderecho a dirigirse contra dicho usuario por todos los medios legales\na su alcance y reclamar cualesquiera cantidades indemnizatorias,\nda\u00f1os morales o da\u00f1os a la propia imagen, da\u00f1o emergente y lucro\ncesante, costes publicitarios o de cualquier otra \u00edndole que\npudieran resultar para su reparaci\u00f3n, importes de sanciones o\nsentencias condenatorias, intereses de demora, el coste de la\nfinanciaci\u00f3n de todas las cantidades en que pudiera resultar\nperjudicada C\u00c9SAR L\u00d3PEZ ABOGADOS , las costas judiciales y el\nimporte de la defensa (incluidos procuradores y abogados) en\ncualquier proceso en el que pudiera resultar demandada C\u00c9SAR L\u00d3PEZ\nABOGADOS por las causas anteriormente expuestas, por los da\u00f1os y\nperjuicios ocasionados por raz\u00f3n de su actuaci\u00f3n u omisi\u00f3n, sin\nperjuicio de ejercer cualesquiera otras acciones que en derecho le\ncorrespondan a C\u00c9SAR L\u00d3PEZ ABOGADOS.<\/p>\n\n\n\n<p><strong>CESE DEL USO<\/strong><\/p>\n\n\n\n<p>C\u00c9SAR L\u00d3PEZ ABOGADOS puede cesar su\nderecho a utilizar este sitio web, con o sin causa alguna en\ncualquier momento, incluyendo, a t\u00edtulo ilustrativo su violaci\u00f3n de\nestos T\u00e9rminos y Condiciones.<\/p>\n\n\n\n<p>En caso de cese, todas las\ndeclaraciones, garant\u00edas, indemnizaciones y promesas que usted hizo\nseguir\u00e1n vigentes.<\/p>\n\n\n\n<p><strong>RECONOCIMIENTO Y CAMBIOS<\/strong><\/p>\n\n\n\n<p>Estos T\u00e9rminos y Condiciones\nrepresentan el acuerdo total entre usted y C\u00c9SAR L\u00d3PEZ ABOGADOS con\nrespecto a su relaci\u00f3n con C\u00c9SAR L\u00d3PEZ ABOGADOS y este sitio web y\nsustituye cualquier declaraci\u00f3n o representaci\u00f3n previos. En caso\nde que cualquier disposici\u00f3n de estos T\u00e9rminos y Condiciones, o una\nparte de los mismos, se determinara como no ejecutable, esa\ndisposici\u00f3n ser\u00e1 ejecutada hasta donde sea permitido a fin de que\nse cumpla con la intenci\u00f3n de los T\u00e9rminos y Condiciones, y la\nparte restante de los T\u00e9rminos y condiciones continuar\u00e1 vigente.\nC\u00c9SAR L\u00d3PEZ ABOGADOS se reserva el derecho a cambiar los T\u00e9rminos\ny Condiciones en cualquier momento anunciando los cambios por\nInternet.<\/p>\n\n\n\n<p><strong>ACEPTAR LAS POLITICAS<\/strong><\/p>\n\n\n\n<p>Usted habr\u00e1 aceptado los t\u00e9rminos y\ncondiciones de estas pol\u00edticas de privacidad en el momento en que\nsuministre cualquier tipo de informaci\u00f3n de identificaci\u00f3n personal\ny por consiguiente, autoriza que dicha informaci\u00f3n de identificaci\u00f3n\npersonal sea manejada como se indica en este documento.<\/p>\n\n\n\n<p>C\u00c9SAR L\u00d3PEZ ABOGADOS se reserva el\nderecho exclusivo a modificar y corregir estas pol\u00edticas, sin previo\naviso. Le sugerimos que revise las pol\u00edticas peri\u00f3dicamente. Si\nsigue utilizando este sitio web despu\u00e9s de que se hayan publicado\nlos cambios a las Pol\u00edticas, esto significar\u00e1 que usted ha aceptado\ndichos cambios.<\/p>\n\n\n\n<p>Tenga la seguridad de que no se\naplicar\u00e1n cambios de manera retroactiva y \u00e9stos no alterar\u00e1n el\nmanejo de la informaci\u00f3n obtenida anteriormente.<\/p>\n\n\n\n<p><strong>VINCULOS A OTROS SITIOS DE INTERNET<\/strong><\/p>\n\n\n\n<p>En nuestros sitios de Internet, es\nprobable que C\u00c9SAR L\u00d3PEZ ABOGADOS incluya v\u00ednculos a otros sitios\nde Internet que pueden o no ser administrados por C\u00c9SAR L\u00d3PEZ\nABOGADOS. Si usted visita dichos sitios, deber\u00eda verificar las\npol\u00edticas de los sitios, cuando se encuentre en sitios que no son\nadministrados por C\u00c9SAR L\u00d3PEZ ABOGADOS. C\u00c9SAR L\u00d3PEZ ABOGADOS no\nse responsabiliza de las pol\u00edticas ni las acciones de terceros.<\/p>\n\n\n\n<p><strong>CONTACTENOS:<\/strong><\/p>\n\n\n\n<p>Si tiene\nalguna duda con respecto a nuestras Pol\u00edticas actuales, p\u00f3ngase en\ncontacto con nosotros en CESAR L\u00d3PEZ ABOGADOS Calle Lersundi 9, piso\ntercero, dpto, 1 Bilbao (Bizkaia) 48009 o a trav\u00e9s de nuestro correo\nelectr\u00f3nico <a href=\"mailto:info@cesarlopezabogados.com\">info@cesarlopezabogados.com<\/a>.<\/p>\n\n\n\n<p><strong>CAMBIOS<\/strong><\/p>\n\n\n\n<p>C\u00c9SAR L\u00d3PEZ ABOGADOS realiza todos\nlos esfuerzos razonables para asegurar que el contenido del Sitio es\npreciso y vigente, sin embargo, elude cualquier responsabilidad\nderivada de la inexactitud del contenido del Sitio. La informaci\u00f3n\npuede diferir de las \u00faltimas especificaciones, igualmente, le\nlegislaci\u00f3n descrita o mostrada puede variar de una Comunidad\nAut\u00f3noma a otra. C\u00c9SAR L\u00d3PEZ ABOGADOS se reserva el derecho de\nmodificar la informaci\u00f3n del Sitio en cualquier momento. Para\nobtener la informaci\u00f3n m\u00e1s actual contacte con C\u00c9SAR L\u00d3PEZ\nABOGADOS.<\/p>\n","protected":false},"excerpt":{"rendered":"<p>T\u00c9RMINOS Y CONDICIONES DE USO C\u00c9SAR L\u00d3PEZ ABOGADOS, con domicilio en Calle Lersundi 9, piso tercero, dpto, 1, pone a disposici\u00f3n este sitio web para el uso personal y disfrute<\/p>\n","protected":false},"author":1,"featured_media":0,"parent":0,"menu_order":0,"comment_status":"closed","ping_status":"closed","template":"","meta":{"_monsterinsights_skip_tracking":false,"_monsterinsights_sitenote_active":false,"_monsterinsights_sitenote_note":"","_monsterinsights_sitenote_category":0},"yoast_head":"<!-- This site is optimized with the Yoast SEO plugin v16.2 - https:\/\/yoast.com\/wordpress\/plugins\/seo\/ -->\n<title>Aviso Legal - C\u00e9sar L\u00f3pez Abogados<\/title>\n<meta name=\"robots\" content=\"index, follow, max-snippet:-1, max-image-preview:large, max-video-preview:-1\" \/>\n<link rel=\"canonical\" href=\"https:\/\/cesarlopezabogados.com\/index.php\/aviso-legal\/\" \/>\n<meta property=\"og:locale\" content=\"es_ES\" \/>\n<meta property=\"og:type\" content=\"article\" \/>\n<meta property=\"og:title\" content=\"Aviso Legal - C\u00e9sar L\u00f3pez Abogados\" \/>\n<meta property=\"og:description\" content=\"T\u00c9RMINOS Y CONDICIONES DE USO C\u00c9SAR L\u00d3PEZ ABOGADOS, con domicilio en Calle Lersundi 9, piso tercero, dpto, 1, pone a disposici\u00f3n este sitio web para el uso personal y disfrute\" \/>\n<meta property=\"og:url\" content=\"https:\/\/cesarlopezabogados.com\/index.php\/aviso-legal\/\" \/>\n<meta property=\"og:site_name\" content=\"C\u00e9sar L\u00f3pez Abogados\" \/>\n<meta property=\"article:modified_time\" content=\"2019-05-06T15:37:21+00:00\" \/>\n<meta name=\"twitter:card\" content=\"summary_large_image\" \/>\n<meta name=\"twitter:label1\" content=\"Tiempo de lectura\">\n\t<meta name=\"twitter:data1\" content=\"12 minutos\">\n<script type=\"application\/ld+json\" class=\"yoast-schema-graph\">{\"@context\":\"https:\/\/schema.org\",\"@graph\":[{\"@type\":\"Organization\",\"@id\":\"https:\/\/cesarlopezabogados.com\/#organization\",\"name\":\"C\\u00e9sar L\\u00f3pez Abogados\",\"url\":\"https:\/\/cesarlopezabogados.com\/\",\"sameAs\":[],\"logo\":{\"@type\":\"ImageObject\",\"@id\":\"https:\/\/cesarlopezabogados.com\/#logo\",\"inLanguage\":\"es\",\"url\":\"https:\/\/cesarlopezabogados.com\/wp-content\/uploads\/2018\/06\/cesar-lopez-abogados.jpg\",\"contentUrl\":\"https:\/\/cesarlopezabogados.com\/wp-content\/uploads\/2018\/06\/cesar-lopez-abogados.jpg\",\"width\":271,\"height\":86,\"caption\":\"C\\u00e9sar L\\u00f3pez Abogados\"},\"image\":{\"@id\":\"https:\/\/cesarlopezabogados.com\/#logo\"}},{\"@type\":\"WebSite\",\"@id\":\"https:\/\/cesarlopezabogados.com\/#website\",\"url\":\"https:\/\/cesarlopezabogados.com\/\",\"name\":\"C\\u00e9sar L\\u00f3pez Abogados\",\"description\":\"Equipo de abigados especializados en derecho civil y penal\",\"publisher\":{\"@id\":\"https:\/\/cesarlopezabogados.com\/#organization\"},\"potentialAction\":[{\"@type\":\"SearchAction\",\"target\":\"https:\/\/cesarlopezabogados.com\/?s={search_term_string}\",\"query-input\":\"required name=search_term_string\"}],\"inLanguage\":\"es\"},{\"@type\":\"WebPage\",\"@id\":\"https:\/\/cesarlopezabogados.com\/index.php\/aviso-legal\/#webpage\",\"url\":\"https:\/\/cesarlopezabogados.com\/index.php\/aviso-legal\/\",\"name\":\"Aviso Legal - C\\u00e9sar L\\u00f3pez Abogados\",\"isPartOf\":{\"@id\":\"https:\/\/cesarlopezabogados.com\/#website\"},\"datePublished\":\"2019-05-06T15:25:09+00:00\",\"dateModified\":\"2019-05-06T15:37:21+00:00\",\"breadcrumb\":{\"@id\":\"https:\/\/cesarlopezabogados.com\/index.php\/aviso-legal\/#breadcrumb\"},\"inLanguage\":\"es\",\"potentialAction\":[{\"@type\":\"ReadAction\",\"target\":[\"https:\/\/cesarlopezabogados.com\/index.php\/aviso-legal\/\"]}]},{\"@type\":\"BreadcrumbList\",\"@id\":\"https:\/\/cesarlopezabogados.com\/index.php\/aviso-legal\/#breadcrumb\",\"itemListElement\":[{\"@type\":\"ListItem\",\"position\":1,\"item\":{\"@type\":\"WebPage\",\"@id\":\"https:\/\/cesarlopezabogados.com\/\",\"url\":\"https:\/\/cesarlopezabogados.com\/\",\"name\":\"Portada\"}},{\"@type\":\"ListItem\",\"position\":2,\"item\":{\"@id\":\"https:\/\/cesarlopezabogados.com\/index.php\/aviso-legal\/#webpage\"}}]}]}<\/script>\n<!-- \/ Yoast SEO plugin. -->","_links":{"self":[{"href":"https:\/\/cesarlopezabogados.com\/index.php\/wp-json\/wp\/v2\/pages\/666"}],"collection":[{"href":"https:\/\/cesarlopezabogados.com\/index.php\/wp-json\/wp\/v2\/pages"}],"about":[{"href":"https:\/\/cesarlopezabogados.com\/index.php\/wp-json\/wp\/v2\/types\/page"}],"author":[{"embeddable":true,"href":"https:\/\/cesarlopezabogados.com\/index.php\/wp-json\/wp\/v2\/users\/1"}],"replies":[{"embeddable":true,"href":"https:\/\/cesarlopezabogados.com\/index.php\/wp-json\/wp\/v2\/comments?post=666"}],"version-history":[{"count":1,"href":"https:\/\/cesarlopezabogados.com\/index.php\/wp-json\/wp\/v2\/pages\/666\/revisions"}],"predecessor-version":[{"id":667,"href":"https:\/\/cesarlopezabogados.com\/index.php\/wp-json\/wp\/v2\/pages\/666\/revisions\/667"}],"wp:attachment":[{"href":"https:\/\/cesarlopezabogados.com\/index.php\/wp-json\/wp\/v2\/media?parent=666"}],"curies":[{"name":"wp","href":"https:\/\/api.w.org\/{rel}","templated":true}]}}