{"id":96,"date":"2018-07-13T11:09:36","date_gmt":"2018-07-13T11:09:36","guid":{"rendered":"https:\/\/cesarlopezabogados.com\/?page_id=96"},"modified":"2019-05-06T15:41:18","modified_gmt":"2019-05-06T15:41:18","slug":"politica-de-privacidad","status":"publish","type":"page","link":"https:\/\/cesarlopezabogados.com\/index.php\/politica-de-privacidad\/","title":{"rendered":"Pol\u00edtica de Privacidad"},"content":{"rendered":"\n<p>Gracias\npor visitar nuestro sitio Web. Para garantizar que se sienta seguro y\nsatisfecho al visitar nuestro sitio web, la siguiente informaci\u00f3n le facilita\nuna gu\u00eda completa sobre lo que hacemos con sus datos personales. Esta pol\u00edtica\nde privacidad de datos est\u00e1 dise\u00f1ada para informarle sobre c\u00f3mo recopilamos,\nusamos y transferimos sus datos personales.<\/p>\n\n\n\n<p><strong>PROTECCI\u00d3N\nDE DATOS DE CAR\u00c1CTER PERSONAL SEG\u00daN LA LOPD <\/strong><\/p>\n\n\n\n<p>C\u00c9SAR\nL\u00d3PEZ ABOGADOS, en aplicaci\u00f3n de la normativa vigente en materia de protecci\u00f3n\nde datos de car\u00e1cter personal, informa que los datos personales que se recogen\na trav\u00e9s de los formularios de este sitio web, <a href=\"http:\/\/www.cesarlopez.com\">www.cesarlopez.com<\/a> (en adelante, el \u201c<strong>Portal<\/strong>\u201d), se incluyen en los ficheros\nautomatizados espec\u00edficos de usuarios de los servicios de C\u00c9SAR L\u00d3PEZ ABOGADOS.<\/p>\n\n\n\n<p>Recopilamos\ninformaci\u00f3n personal de nuestros usuarios de dos maneras:<\/p>\n\n\n\n<p>&#8211; A\ntrav\u00e9s del registro y la informaci\u00f3n que solicitamos que ingrese en ciertas\np\u00e1ginas del sitio web; y \/ o<\/p>\n\n\n\n<p>&#8211; A\ntrav\u00e9s de las cookies (para obtener m\u00e1s informaci\u00f3n acerca de las cookies,\nconsulte la secci\u00f3n 4 de esta pol\u00edtica de protecci\u00f3n de datos personales).<\/p>\n\n\n\n<p>Cuando\nutiliza el formulario de contacto para ponerse en contacto con nosotros, solo\nrecopilamos y procesamos su nombre, su direcci\u00f3n de correo electr\u00f3nico y sus\npreguntas y comentarios. Usted es libre de proporcionarnos m\u00e1s informaci\u00f3n relacionada\ncon nuestro sitio web, nuestros productos o servicios, o la compa\u00f1\u00eda. <\/p>\n\n\n\n<p>Nuestro\nprop\u00f3sito al recopilar esta informaci\u00f3n personal es:<\/p>\n\n\n\n<p>&#8211;\nTratamiento dentro de C\u00c9SAR L\u00d3PEZ ABOGADOS para continuar en nuestro empe\u00f1o de\ndar a nuestros clientes el mejor servicio jur\u00eddico posible;<\/p>\n\n\n\n<p>&#8211; Con\nel fin de contestar a sus preguntas, comentarios o sugerencias.<\/p>\n\n\n\n<p>C\u00c9SAR\nL\u00d3PEZ ABOGADOS procesa sus datos personales seg\u00fan el art. 6 (1) (f) GDPR con el\nfin leg\u00edtimo de responder sus preguntas y mantenerse en contacto con usted.\nC\u00c9SAR L\u00d3PEZ ABOGADOS y sus agentes borrar\u00e1n los datos personales cuando \u00e9stos\nya no sean necesarios para el prop\u00f3sito original para el que fueron recopilados\n(responder a sus preguntas y comentarios planteados) o seg\u00fan lo exija la ley .<\/p>\n\n\n\n<p>C\u00c9SAR\nL\u00d3PEZ ABOGADOS adopta las medidas necesarias para garantizar la seguridad,\nintegridad y confidencialidad de los datos conforme a lo dispuesto en el\nReglamento (UE) 2016\/679 del Parlamento Europeo y del Consejo, de 27 de abril\nde 2016 (el \u201c<strong>Reglamento<\/strong>\u201d), relativo a la protecci\u00f3n de las personas\nf\u00edsicas en lo que respecta al tratamiento de datos personales y a la libre\ncirculaci\u00f3n de los mismos y a la Ley Org\u00e1nica 3\/2018, de 5 de diciembre, de\nProtecci\u00f3n de Datos Personales y garant\u00eda de los derechos digitales (la \u201c<strong>LOPD<\/strong>\u201d).<\/p>\n\n\n\n<p>El\nusuario podr\u00e1 en cualquier momento ejercitar los derechos de acceso, oposici\u00f3n,\nrectificaci\u00f3n y cancelaci\u00f3n reconocidos en el Reglamento y en la LOPD. El\nejercicio de estos derechos puede realizarlo el propio usuario a trav\u00e9s de\nemail a <a href=\"mailto:info@cesarlopezabogados.com\">info@cesarlopezabogados.com<\/a> o mediante carta dirigida a C\u00c9SAR L\u00d3PEZ ABOGADOS, Calle Lersundi 5,\nplanta 3, Dpto. 1. <\/p>\n\n\n\n<p>El\nusuario manifiesta que todos los datos facilitados por \u00e9l son ciertos y\ncorrectos, y se compromete a mantenerlos actualizados, comunicando los cambios\na C\u00c9SAR L\u00d3PEZ ABOGADOS. <\/p>\n\n\n\n<p><strong>DERECHOS\nDEL USUARIO<\/strong><\/p>\n\n\n\n<p>Como\nusuario, tiene derecho a solicitar informaci\u00f3n sobre los datos que almacenamos\nsobre usted, as\u00ed como sobre el prop\u00f3sito de tal almacenamiento. Adem\u00e1s, tiene\nderecho a exigir que se corrijan los datos incorrectos y que se eliminen los\ndatos que son inapropiados o que ya no son necesarios. Tambi\u00e9n tiene derecho a\nsolicitarnos que restrinjamos el procesamiento de sus datos, as\u00ed como el\nderecho a la portabilidad de sus datos. Si los datos personales se recogen de\nacuerdo con el art. 6 (1) (f) tiene usted derecho a objetar, en relaci\u00f3n con su\nsituaci\u00f3n particular, en cualquier momento al procesamiento de sus datos\npersonales. <\/p>\n\n\n\n<p>En\ntal caso, no procesaremos sus datos personales a menos que C\u00c9SAR L\u00d3PEZ ABOGADOS\npueda demostrar que existen razones leg\u00edtimas para el procesamiento, que anulen\nsus intereses, derechos y libertades o en el caso de que tal procesamiento sea\nnecesario para el reconocimiento, ejercicio o defensa de demandas judiciales.\nPara obtener informaci\u00f3n, realizar solicitudes o sugerencias sobre protecci\u00f3n\nde datos, no dude en ponerse en contacto con nosotros.<\/p>\n\n\n\n<p><strong>\u00bfPOR\nCU\u00c1NTO TIEMPO SE CONSERVAN LOS DATOS PERSONALES RECABADOS?<\/strong><\/p>\n\n\n\n<p>Los\ndatos personales proporcionados se conservar\u00e1n mientras se mantenga la relaci\u00f3n\ncomercial o no se solicite su supresi\u00f3n y durante el plazo por el cu\u00e1l pudieran\nderivarse responsabilidades legales por los servicios prestados.<\/p>\n\n\n\n<p><strong>LEGITIMACI\u00d3N<\/strong><\/p>\n\n\n\n<p>El\ntratamiento de tus datos se realiza con las siguientes bases jur\u00eddicas que\nlegitiman el mismo: <\/p>\n\n\n\n<p>1. La\nsolicitud de informaci\u00f3n y\/o la contrataci\u00f3n de los servicios de C\u00c9SAR L\u00d3PEZ\nABOGADOS, cuyos t\u00e9rminos y condiciones se pondr\u00e1n a tu disposici\u00f3n en todo\ncaso, de forma previa a una eventual contrataci\u00f3n.<\/p>\n\n\n\n<p>2. El\nconsentimiento libre, espec\u00edfico, informado e inequ\u00edvoco, en tanto que te informamos\nponiendo a tu disposici\u00f3n la presente pol\u00edtica de privacidad, que, tras la\nlectura de la misma, en caso de estar conforme, puedes aceptar mediante una\ndeclaraci\u00f3n o una clara acci\u00f3n afirmativa, como el marcado de una casilla\ndispuesta al efecto. En caso de que no nos facilites tus datos o lo hagas de\nforma err\u00f3nea o incompleta, no podremos atender tu solicitud, resultando del\ntodo imposible proporcionarte la informaci\u00f3n solicitada o llevar a cabo la\ncontrataci\u00f3n de los servicios.<\/p>\n\n\n\n<p><strong>TECNOLOG\u00cdAS\nDE SEGUIMIENTO DE SITIOS WEB [POR CONFIRMAR POR E-CLICKSE SI ESTE PUNTO ES DE\nAPLICACI\u00d3N]<\/strong><\/p>\n\n\n\n<p>Este\nsitio web usa los siguientes instrumentos de publicidad dirigida [NOMBRE (S)]. <\/p>\n\n\n\n<p>Estas\nherramientas utilizan cookies y tecnolog\u00edas similares y nos permiten analizar\nel uso que hacen nuestros visitantes de este sitio web. Con este fin, la\ninformaci\u00f3n generada en la cookie o herramienta de seguimiento (incluida su\ndirecci\u00f3n IP) se nos env\u00eda y es almacenada para permitirnos optimizar el uso de\nnuestro sitio web y \/ o para proporcionarle anuncios personalizados seg\u00fan sus\nintereses. Puede excluir el uso de estas tecnolog\u00edas de seguimiento\nseleccionando la configuraci\u00f3n apropiada en su navegador. Tenga en cuenta que,\nen este caso, es posible que no pueda utilizar todas las funciones de este\nsitio web.<\/p>\n\n\n\n<p>Tambi\u00e9n\npuede objetar el uso de en cualquier momento mediante [INSERTAR M\u00c9TODO PARA\nOBJETAR LA PUBLICIDAD OBJETIVO; COOKIE DE SALIDA].<\/p>\n\n\n\n<p>Estamos\nprocesando sus datos personales seg\u00fan el art. 6 (1) (f) RGPD con el fin\nleg\u00edtimo de optimizar nuestro sitio web y analizar su uso del sitio web. Los\ndatos personales se borrar\u00e1n cuando ya no sean necesarios para el prop\u00f3sito\noriginal.<\/p>\n\n\n\n<p><strong>FORMULARIO\nDE CONTACTO<\/strong><\/p>\n\n\n\n<p>Cuando\nest\u00e1 usando el formulario de contacto para contactar con nosotros, s\u00f3lo recogemos\ny procesamos su nombre, su direcci\u00f3n de correo electr\u00f3nico, y sus preguntas y\ncomentarios. Usted es libre de darnos m\u00e1s informaci\u00f3n.<\/p>\n\n\n\n<p>Tenga\nen cuenta que al hacer clic en \u201cEnviar\u201d est\u00e1n abandonando este sitio web y es\nredirigido a: [A COMPLETAR POR E-CLICKSE] que es operado por [A COMPLETAR POR\nE-CLICKSE]. <\/p>\n\n\n\n<p>Estamos\nprocesando sus datos personales de acuerdo con el art. 6 (1) (f) del Reglamento\ncon el prop\u00f3sito leg\u00edtimo de responderle y mantenerse en contacto con usted.\nLos datos personales se borrar\u00e1n cuando ya no sean necesarios para el prop\u00f3sito\noriginal (respuesta a sus preguntas y comentarios planteados).<\/p>\n\n\n\n<p><strong>MEDIDAS\nDE SEGURIDAD<\/strong><\/p>\n\n\n\n<p>Adoptamos\nmedidas t\u00e9cnicas y organizativas para proteger sus datos tan ampliamente como\nsea posible. Contamos con el compromiso de confidencialidad de nuestros\nempleados adem\u00e1s de una cuidadosa selecci\u00f3n y control de nuestros proveedores\nde servicios, y tambi\u00e9n aseguramos nuestro entorno operativo adecuadamente.<\/p>\n\n\n\n<p>Para\nproteger sus datos contra accesos no deseados, utilizamos cifrado de datos. Los\ndatos recogidos desde este Web site pasan a nuestro servidor a trav\u00e9s de\ninternet utilizando [cifrado de datos en tecnolog\u00eda de tr\u00e1nsito mediante\ncifrado de (A COMPLETAR POR E-CLICKSE)]\n\n\n\n<p><strong>TRANSFERENCIA\nA TERCEROS.<\/strong><\/p>\n\n\n\n<p>Es\nposible que divulguemos su informaci\u00f3n personal a terceros tales como nuestros\nasesores profesionales, nuestros proveedores de servicios internos y externos\nque nos proporcionan servicios. Podemos divulgar su informaci\u00f3n personal para\nlos fines indicados anteriormente y s\u00f3lo para fines espec\u00edficos seg\u00fan las leyes\nde protecci\u00f3n de datos pertinentes. Los proveedores de servicios est\u00e1n\nobligados a procesar sus datos personales bajo nuestras instrucciones estrictas\nofreciendo las medidas t\u00e9cnicas y organizativas adecuadas para proteger sus\ndatos.<\/p>\n\n\n\n<p>Tambi\u00e9n\npodemos comunicar su informaci\u00f3n personal, si es requerido o autorizado por una\nley, donde dicha divulgaci\u00f3n es necesaria para prevenir una amenaza a la vida,\nsalud o seguridad, o son de otra manera permitida por las leyes de protecci\u00f3n\nde datos pertinentes.<\/p>\n\n\n\n<p><strong>REVISI\u00d3N\nDE PROTECCI\u00d3N DE DATOS<\/strong><\/p>\n\n\n\n<p>P\u00f3ngase\nen contacto con nosotros si desea revisar los datos personales almacenados por\nC\u00c9SAR L\u00d3PEZ ABOGADOS, si desea modificar o eliminar los datos existentes o si\ndesea retirar el consentimiento que nos ha dado trav\u00e9s de nuestro correo\nelectr\u00f3nico (<a href=\"mailto:info@cesarlopezabogados.com\">info@cesarlopezabogados.com<\/a>) o mediante escrito dirigido<\/p>\n\n\n\n<p>C\u00c9SAR\nL\u00d3PEZ ABOGADOS Calle Lersundi 9, Planta 3, Dpto. 1, Bilbao.<\/p>\n\n\n\n<p><strong>RECLAMACIONES<\/strong><\/p>\n\n\n\n<p>Respecto\nal cumplimiento de sus derechos y leyes de protecci\u00f3n de datos aplicables,\nusted puede interponer una queja internamente a trav\u00e9s de nuestro proceso de\nreclamaciones, o bien puede optar por presentar una reclamaci\u00f3n formal ante la\nAgencia Espa\u00f1ola de Protecci\u00f3n de Datos (AEPD).<\/p>\n\n\n\n<p>Procedimiento\nde reclamaciones:<\/p>\n\n\n\n<p>Paso\n1: H\u00e1ganoslo saber mediante la direcci\u00f3n de correo\nse\u00f1alada anteriormente. <\/p>\n\n\n\n<p>Paso\n2: Investigaci\u00f3n de denuncia. Procederemos a\ninvestigar su reclamaci\u00f3n. Se proporcionar\u00e1 una respuesta a su queja por\nescrito dentro de un per\u00edodo razonable (un mes, en principio, pero le\ninformaremos si necesitamos m\u00e1s tiempo para procesar su solicitud). <\/p>\n\n\n\n<p>Paso\n3: Autoridad de protecci\u00f3n de datos contacto. Si\nnuestra respuesta le deja insatisfecho, usted tambi\u00e9n puede comunicarse con la\nAgencia Espa\u00f1ola de Protecci\u00f3n de Datos (AEPD) en: <a href=\"http:\/\/www.agpd.es\">www.agpd.es<\/a>&nbsp; <\/p>\n\n\n\n<p>Contacto:\nAgencia Espa\u00f1ola de Protecci\u00f3n de Datos, Calle Jorge Juan, 6, 28001-Madrid.<\/p>\n\n\n\n<p>Tel\u00e9fonos:\n901 100 099. \/ 91.266.35.17.<\/p>\n\n\n\n<p><strong>CONTACTO.\nREVOCACI\u00d3N Y DERECHOS DE ACCESO<\/strong><\/p>\n\n\n\n<p>Para\ncualquier consulta, comentario o solicitud relativa a nuestra pol\u00edtica de\nprivacidad o la pol\u00edtica de cookies, puede contactar con nosotros para acceder\na cualquier informaci\u00f3n personal que hayamos recogido a trav\u00e9s de este Sitio.\nEn todo momento podr\u00e1 ejercitar su derecho de acceso, rectificaci\u00f3n,\ncancelaci\u00f3n y oposici\u00f3n enviando su solicitud escrita y firmada dirigida a\nCESAR L\u00d3PEZ ABOGADOS Calle Lersundi 9, piso tercero, dpto, 1 Bilbao (Bizkaia)\n48009 o a trav\u00e9s de nuestro correo electr\u00f3nico <a href=\"mailto:info@cesarlopezabogados.com\">info@cesarlopezabogados.com<\/a>. Usted puede tambi\u00e9n revocar el consentimiento previamente otorgado\npara la instalaci\u00f3n y tratamiento de cookies en cualquier momento dirigi\u00e9ndose\nal email arriba indicado. Le informamos que la retirada del consentimiento\npuede afectar a la funcionalidad de la web. <\/p>\n\n\n\n<p><strong>CAMBIOS<\/strong><\/p>\n\n\n\n<p>C\u00c9SAR\nL\u00d3PEZ ABOGADOS realiza todos los esfuerzos razonables para asegurar que el\ncontenido del Sitio es preciso y vigente, sin embargo, elude cualquier\nresponsabilidad derivada de la inexactitud del contenido del Sitio. La\ninformaci\u00f3n puede diferir de las \u00faltimas especificaciones, igualmente, le\nlegislaci\u00f3n descrita o mostrada puede variar de una Comunidad Aut\u00f3noma a otra.\nC\u00c9SAR L\u00d3PEZ ABOGADOS se reserva el derecho de modificar la informaci\u00f3n del\nSitio en cualquier momento. Para obtener la informaci\u00f3n m\u00e1s actual contacte con\nC\u00c9SAR L\u00d3PEZ ABOGADOS.<\/p>\n","protected":false},"excerpt":{"rendered":"<p>Gracias por visitar nuestro sitio Web. Para garantizar que se sienta seguro y satisfecho al visitar nuestro sitio web, la siguiente informaci\u00f3n le facilita una gu\u00eda completa sobre lo que<\/p>\n","protected":false},"author":1,"featured_media":0,"parent":0,"menu_order":0,"comment_status":"closed","ping_status":"closed","template":"","meta":{"_monsterinsights_skip_tracking":false,"_monsterinsights_sitenote_active":false,"_monsterinsights_sitenote_note":"","_monsterinsights_sitenote_category":0},"yoast_head":"<!-- This site is optimized with the Yoast SEO plugin v16.2 - https:\/\/yoast.com\/wordpress\/plugins\/seo\/ -->\n<title>Pol\u00edtica de Privacidad - C\u00e9sar L\u00f3pez Abogados<\/title>\n<meta name=\"robots\" content=\"index, follow, max-snippet:-1, max-image-preview:large, max-video-preview:-1\" \/>\n<link rel=\"canonical\" href=\"https:\/\/cesarlopezabogados.com\/index.php\/politica-de-privacidad\/\" \/>\n<meta property=\"og:locale\" content=\"es_ES\" \/>\n<meta property=\"og:type\" content=\"article\" \/>\n<meta property=\"og:title\" content=\"Pol\u00edtica de Privacidad - C\u00e9sar L\u00f3pez Abogados\" \/>\n<meta property=\"og:description\" content=\"Gracias por visitar nuestro sitio Web. Para garantizar que se sienta seguro y satisfecho al visitar nuestro sitio web, la siguiente informaci\u00f3n le facilita una gu\u00eda completa sobre lo que\" \/>\n<meta property=\"og:url\" content=\"https:\/\/cesarlopezabogados.com\/index.php\/politica-de-privacidad\/\" \/>\n<meta property=\"og:site_name\" content=\"C\u00e9sar L\u00f3pez Abogados\" \/>\n<meta property=\"article:modified_time\" content=\"2019-05-06T15:41:18+00:00\" \/>\n<meta name=\"twitter:card\" content=\"summary_large_image\" \/>\n<meta name=\"twitter:label1\" content=\"Tiempo de lectura\">\n\t<meta name=\"twitter:data1\" content=\"10 minutos\">\n<script type=\"application\/ld+json\" class=\"yoast-schema-graph\">{\"@context\":\"https:\/\/schema.org\",\"@graph\":[{\"@type\":\"Organization\",\"@id\":\"https:\/\/cesarlopezabogados.com\/#organization\",\"name\":\"C\\u00e9sar L\\u00f3pez Abogados\",\"url\":\"https:\/\/cesarlopezabogados.com\/\",\"sameAs\":[],\"logo\":{\"@type\":\"ImageObject\",\"@id\":\"https:\/\/cesarlopezabogados.com\/#logo\",\"inLanguage\":\"es\",\"url\":\"https:\/\/cesarlopezabogados.com\/wp-content\/uploads\/2018\/06\/cesar-lopez-abogados.jpg\",\"contentUrl\":\"https:\/\/cesarlopezabogados.com\/wp-content\/uploads\/2018\/06\/cesar-lopez-abogados.jpg\",\"width\":271,\"height\":86,\"caption\":\"C\\u00e9sar L\\u00f3pez Abogados\"},\"image\":{\"@id\":\"https:\/\/cesarlopezabogados.com\/#logo\"}},{\"@type\":\"WebSite\",\"@id\":\"https:\/\/cesarlopezabogados.com\/#website\",\"url\":\"https:\/\/cesarlopezabogados.com\/\",\"name\":\"C\\u00e9sar L\\u00f3pez Abogados\",\"description\":\"Equipo de abigados especializados en derecho civil y penal\",\"publisher\":{\"@id\":\"https:\/\/cesarlopezabogados.com\/#organization\"},\"potentialAction\":[{\"@type\":\"SearchAction\",\"target\":\"https:\/\/cesarlopezabogados.com\/?s={search_term_string}\",\"query-input\":\"required name=search_term_string\"}],\"inLanguage\":\"es\"},{\"@type\":\"WebPage\",\"@id\":\"https:\/\/cesarlopezabogados.com\/index.php\/politica-de-privacidad\/#webpage\",\"url\":\"https:\/\/cesarlopezabogados.com\/index.php\/politica-de-privacidad\/\",\"name\":\"Pol\\u00edtica de Privacidad - C\\u00e9sar L\\u00f3pez Abogados\",\"isPartOf\":{\"@id\":\"https:\/\/cesarlopezabogados.com\/#website\"},\"datePublished\":\"2018-07-13T11:09:36+00:00\",\"dateModified\":\"2019-05-06T15:41:18+00:00\",\"breadcrumb\":{\"@id\":\"https:\/\/cesarlopezabogados.com\/index.php\/politica-de-privacidad\/#breadcrumb\"},\"inLanguage\":\"es\",\"potentialAction\":[{\"@type\":\"ReadAction\",\"target\":[\"https:\/\/cesarlopezabogados.com\/index.php\/politica-de-privacidad\/\"]}]},{\"@type\":\"BreadcrumbList\",\"@id\":\"https:\/\/cesarlopezabogados.com\/index.php\/politica-de-privacidad\/#breadcrumb\",\"itemListElement\":[{\"@type\":\"ListItem\",\"position\":1,\"item\":{\"@type\":\"WebPage\",\"@id\":\"https:\/\/cesarlopezabogados.com\/\",\"url\":\"https:\/\/cesarlopezabogados.com\/\",\"name\":\"Portada\"}},{\"@type\":\"ListItem\",\"position\":2,\"item\":{\"@id\":\"https:\/\/cesarlopezabogados.com\/index.php\/politica-de-privacidad\/#webpage\"}}]}]}<\/script>\n<!-- \/ Yoast SEO plugin. -->","_links":{"self":[{"href":"https:\/\/cesarlopezabogados.com\/index.php\/wp-json\/wp\/v2\/pages\/96"}],"collection":[{"href":"https:\/\/cesarlopezabogados.com\/index.php\/wp-json\/wp\/v2\/pages"}],"about":[{"href":"https:\/\/cesarlopezabogados.com\/index.php\/wp-json\/wp\/v2\/types\/page"}],"author":[{"embeddable":true,"href":"https:\/\/cesarlopezabogados.com\/index.php\/wp-json\/wp\/v2\/users\/1"}],"replies":[{"embeddable":true,"href":"https:\/\/cesarlopezabogados.com\/index.php\/wp-json\/wp\/v2\/comments?post=96"}],"version-history":[{"count":3,"href":"https:\/\/cesarlopezabogados.com\/index.php\/wp-json\/wp\/v2\/pages\/96\/revisions"}],"predecessor-version":[{"id":671,"href":"https:\/\/cesarlopezabogados.com\/index.php\/wp-json\/wp\/v2\/pages\/96\/revisions\/671"}],"wp:attachment":[{"href":"https:\/\/cesarlopezabogados.com\/index.php\/wp-json\/wp\/v2\/media?parent=96"}],"curies":[{"name":"wp","href":"https:\/\/api.w.org\/{rel}","templated":true}]}}